{"id":921,"date":"2019-04-01T19:15:12","date_gmt":"2019-04-01T19:15:12","guid":{"rendered":"http:\/\/dijasporars.com\/?page_id=921"},"modified":"2019-04-17T15:05:17","modified_gmt":"2019-04-17T13:05:17","slug":"drugi-forum","status":"publish","type":"page","link":"https:\/\/dijasporars.com\/en\/drugi-forum\/","title":{"rendered":"Second forum"},"content":{"rendered":"<div class=\"vc_row wpb_row vc_row-fluid\"><div class=\"wpb_column vc_column_container vc_col-sm-12\"><div class=\"vc_column-inner\"><div class=\"wpb_wrapper\"><div class=\"content-widget-title\"><div class=\"content-title-text\"><h3>Second Diaspora Forum<span class=\"separator\">\r\n\t\t\t\t\t\t\t\t\t\t\t\t<span class=\"separator-line\"><\/span>\r\n\t\t\t\t\t\t\t\t\t\t\t\t<span class=\"separator-dot\"><\/span>\r\n\t\t\t\t\t\t\t\t\t\t\t<\/span><\/h3><\/div><\/div><div class=\"vc_empty_space\"   style=\"height: 32px\" ><span class=\"vc_empty_space_inner\"><\/span><\/div>\n\n\t<div class=\"wpb_text_column wpb_content_element\" >\n\t\t<div class=\"wpb_wrapper\">\n\t\t\t<p>The second Diaspora Forum is being held under the auspices of the President of the Republic of Srpska, Zeljka Cvijanovic, in the period from May 30 to 31, 2019 in Banja Luka. This year, the Diaspora Forum will gather about 200 participants from more than 40 countries. Support in the organization of the forum is provided by the Government of the Republika Srpska, Republika Srpska representations abroad and the Serbian Orthodox Church.<\/p>\n<p>The Diaspora Forum brings together representatives of Republika Srpska and Serbian institutions, businessmen, experts from various fields, members of state, provincial and local parliaments, university professors, leaders of cultural, humanitarian and other organizations and associations, representatives of the Serbian Orthodox Church and young people and students. and the diaspora.<\/p>\n<p>The forum is also open to foreign citizens who study the Serbian language, history and culture and who are interested in supporting the development of the Republika Srpska with their knowledge, experience and contacts.<\/p>\n<p>The goal of the previous as well as this year's Forum is to form a platform, which will gather Serbs, Serbian organizations, people from abroad, and friends of the Republika Srpska every year. Every year, the Forum will discuss ideas and proposals, how to direct the personnel, economic and all other capacities of the diaspora and Serbs abroad to the development of the Republika Srpska, but also how to work with the Serbian Orthodox Church, Serbian organizations abroad and representative offices. Republika Srpska is carrying out activities in the world that can contribute to strengthening the unity, unity and preservation of the spiritual, cultural and national identity of Serbs abroad.<\/p>\n<p>Participants of the Second Diaspora Forum will have the opportunity to provide the institutions of the Republika Srpska with guidelines and ideas for the development of the Republika Srpska Strategy for Cooperation with the Diaspora and Serbs Abroad. Also, participants will have the opportunity to convey to the institutions of Republika Srpska ideas and initiatives related to increasing the reputation of Republika Srpska in the world and to create and strengthen ties with other countries.<\/p>\n\n\t\t<\/div>\n\t<\/div>\n<\/div><\/div><\/div><\/div>","protected":false},"excerpt":{"rendered":"\u0414\u0440\u0443\u0433\u0438 \u0424\u043e\u0440\u0443\u043c \u0434\u0438\u0458\u0430\u0441\u043f\u043e\u0440\u0435 \u0414\u0440\u0443\u0433\u0438 \u0424\u043e\u0440\u0443\u043c \u0434\u0438\u0458\u0430\u0441\u043f\u043e\u0440\u0435 \u043e\u0434\u0440\u0436\u0430\u0432\u0430 \u0441\u0435 \u043f\u043e\u0434 \u043f\u043e\u043a\u0440\u043e\u0432\u0438\u0442\u0435\u0459\u0441\u0442\u0432\u043e\u043c \u043f\u0440\u0435\u0434\u0441\u0458\u0435\u0434\u043d\u0438\u0446\u0435 \u0420\u0435\u043f\u0443\u0431\u043b\u0438\u043a\u0435 \u0421\u0440\u043f\u0441\u043a\u0435 \u0416\u0435\u0459\u043a\u0435 \u0426\u0432\u0438\u0458\u0430\u043d\u043e\u0432\u0438\u045b \u0443 \u043f\u0435\u0440\u0438\u043e\u0434\u0443 \u043e\u0434 30. \u0434\u043e 31. \u043c\u0430\u0458\u0430 2019. \u0433\u043e\u0434\u0438\u043d\u0435 \u0443 \u0411\u0430\u045a\u0430\u043b\u0443\u0446\u0438. \u0424\u043e\u0440\u0443\u043c \u0434\u0438\u0458\u0430\u0441\u043f\u043e\u0440\u0435 \u045b\u0435 \u043e\u0432\u0435 \u0433\u043e\u0434\u0438\u043d\u0435 \u043e\u043a\u0443\u043f\u0438\u0442\u0438 \u043e\u043a\u043e 200 \u0443\u0447\u0435\u0441\u043d\u0438\u043a\u0430 \u0438\u0437 \u0432\u0438\u0448\u0435 \u043e\u0434 40 \u0437\u0435\u043c\u0430\u0459\u0430. \u041f\u043e\u0434\u0440\u0448\u043a\u0443 \u0443 \u043e\u0440\u0433\u0430\u043d\u0438\u0437\u0430\u0446\u0438\u0458\u0438 \u0444\u043e\u0440\u0443\u043c\u0430 \u043f\u0440\u0443\u0436\u0430\u0458\u0443 \u0412\u043b\u0430\u0434\u0430 \u0420\u0435\u043f\u0443\u0431\u043b\u0438\u043a\u0435 \u0421\u0440\u043f\u0441\u043a\u0435, \u043f\u0440\u0435\u0434\u0441\u0442\u0430\u0432\u043d\u0438\u0448\u0442\u0432\u0430 \u0420\u0435\u043f\u0443\u0431\u043b\u0438\u043a\u0435 \u0421\u0440\u043f\u0441\u043a\u0435 \u0443 \u0438\u043d\u043e\u0441\u0442\u0440\u0430\u043d\u0441\u0442\u0432\u0443 \u0438 \u0421\u0440\u043f\u0441\u043a\u0430...","protected":false},"author":1,"featured_media":0,"parent":0,"menu_order":0,"comment_status":"closed","ping_status":"closed","template":"","meta":{"footnotes":""},"class_list":["post-921","page","type-page","status-publish","hentry"],"yoast_head":"<!-- This site is optimized with the Yoast SEO plugin v24.6 - https:\/\/yoast.com\/wordpress\/plugins\/seo\/ -->\n<title>\u0414\u0440\u0443\u0433\u0438 \u0424\u043e\u0440\u0443\u043c - \u0420\u0435\u043f\u0443\u0431\u043b\u0438\u043a\u0430 \u0421\u0440\u043f\u0441\u043a\u0430 \u0438 \u0434\u0438\u0458\u0430\u0441\u043f\u043e\u0440\u0430<\/title>\n<meta name=\"description\" content=\"Stranica za dijasporu RS, ovdje mo\u017eete prona\u0107i sve informacije, pomo\u0107 i savjete na jednom mjestu.\" \/>\n<meta name=\"robots\" content=\"index, follow, max-snippet:-1, max-image-preview:large, max-video-preview:-1\" \/>\n<link rel=\"canonical\" href=\"https:\/\/dijasporars.com\/en\/drugi-forum\/\" \/>\n<meta property=\"og:locale\" content=\"en_US\" \/>\n<meta property=\"og:type\" content=\"article\" \/>\n<meta property=\"og:title\" content=\"\u0414\u0440\u0443\u0433\u0438 \u0424\u043e\u0440\u0443\u043c - \u0420\u0435\u043f\u0443\u0431\u043b\u0438\u043a\u0430 \u0421\u0440\u043f\u0441\u043a\u0430 \u0438 \u0434\u0438\u0458\u0430\u0441\u043f\u043e\u0440\u0430\" \/>\n<meta property=\"og:description\" content=\"Stranica za dijasporu RS, ovdje mo\u017eete prona\u0107i sve informacije, pomo\u0107 i savjete na jednom mjestu.\" \/>\n<meta property=\"og:url\" content=\"https:\/\/dijasporars.com\/en\/drugi-forum\/\" \/>\n<meta property=\"og:site_name\" content=\"\u0420\u0435\u043f\u0443\u0431\u043b\u0438\u043a\u0430 \u0421\u0440\u043f\u0441\u043a\u0430 \u0438 \u0434\u0438\u0458\u0430\u0441\u043f\u043e\u0440\u0430\" \/>\n<meta property=\"article:modified_time\" content=\"2019-04-17T13:05:17+00:00\" \/>\n<meta name=\"twitter:card\" content=\"summary_large_image\" \/>\n<script type=\"application\/ld+json\" class=\"yoast-schema-graph\">{\"@context\":\"https:\/\/schema.org\",\"@graph\":[{\"@type\":\"WebPage\",\"@id\":\"https:\/\/dijasporars.com\/en\/drugi-forum\/\",\"url\":\"https:\/\/dijasporars.com\/en\/drugi-forum\/\",\"name\":\"\u0414\u0440\u0443\u0433\u0438 \u0424\u043e\u0440\u0443\u043c - \u0420\u0435\u043f\u0443\u0431\u043b\u0438\u043a\u0430 \u0421\u0440\u043f\u0441\u043a\u0430 \u0438 \u0434\u0438\u0458\u0430\u0441\u043f\u043e\u0440\u0430\",\"isPartOf\":{\"@id\":\"https:\/\/dijasporars.com\/#website\"},\"datePublished\":\"2019-04-01T19:15:12+00:00\",\"dateModified\":\"2019-04-17T13:05:17+00:00\",\"description\":\"Stranica za dijasporu RS, ovdje mo\u017eete prona\u0107i sve informacije, pomo\u0107 i savjete na jednom mjestu.\",\"breadcrumb\":{\"@id\":\"https:\/\/dijasporars.com\/en\/drugi-forum\/#breadcrumb\"},\"inLanguage\":\"en-US\",\"potentialAction\":[{\"@type\":\"ReadAction\",\"target\":[\"https:\/\/dijasporars.com\/en\/drugi-forum\/\"]}]},{\"@type\":\"BreadcrumbList\",\"@id\":\"https:\/\/dijasporars.com\/en\/drugi-forum\/#breadcrumb\",\"itemListElement\":[{\"@type\":\"ListItem\",\"position\":1,\"name\":\"\u041f\u043e\u0447\u0435\u0442\u043d\u0430\",\"item\":\"https:\/\/dijasporars.com\/\"},{\"@type\":\"ListItem\",\"position\":2,\"name\":\"\u0414\u0440\u0443\u0433\u0438 \u0424\u043e\u0440\u0443\u043c\"}]},{\"@type\":\"WebSite\",\"@id\":\"https:\/\/dijasporars.com\/#website\",\"url\":\"https:\/\/dijasporars.com\/\",\"name\":\"\u0420\u0435\u043f\u0443\u0431\u043b\u0438\u043a\u0430 \u0421\u0440\u043f\u0441\u043a\u0430 \u0438 \u0434\u0438\u0458\u0430\u0441\u043f\u043e\u0440\u0430\",\"description\":\"\",\"potentialAction\":[{\"@type\":\"SearchAction\",\"target\":{\"@type\":\"EntryPoint\",\"urlTemplate\":\"https:\/\/dijasporars.com\/?s={search_term_string}\"},\"query-input\":{\"@type\":\"PropertyValueSpecification\",\"valueRequired\":true,\"valueName\":\"search_term_string\"}}],\"inLanguage\":\"en-US\"}]}<\/script>\n<!-- \/ Yoast SEO plugin. -->","yoast_head_json":{"title":"\u0414\u0440\u0443\u0433\u0438 \u0424\u043e\u0440\u0443\u043c - \u0420\u0435\u043f\u0443\u0431\u043b\u0438\u043a\u0430 \u0421\u0440\u043f\u0441\u043a\u0430 \u0438 \u0434\u0438\u0458\u0430\u0441\u043f\u043e\u0440\u0430","description":"Stranica za dijasporu RS, ovdje mo\u017eete prona\u0107i sve informacije, pomo\u0107 i savjete na jednom mjestu.","robots":{"index":"index","follow":"follow","max-snippet":"max-snippet:-1","max-image-preview":"max-image-preview:large","max-video-preview":"max-video-preview:-1"},"canonical":"https:\/\/dijasporars.com\/en\/drugi-forum\/","og_locale":"en_US","og_type":"article","og_title":"\u0414\u0440\u0443\u0433\u0438 \u0424\u043e\u0440\u0443\u043c - \u0420\u0435\u043f\u0443\u0431\u043b\u0438\u043a\u0430 \u0421\u0440\u043f\u0441\u043a\u0430 \u0438 \u0434\u0438\u0458\u0430\u0441\u043f\u043e\u0440\u0430","og_description":"Stranica za dijasporu RS, ovdje mo\u017eete prona\u0107i sve informacije, pomo\u0107 i savjete na jednom mjestu.","og_url":"https:\/\/dijasporars.com\/en\/drugi-forum\/","og_site_name":"\u0420\u0435\u043f\u0443\u0431\u043b\u0438\u043a\u0430 \u0421\u0440\u043f\u0441\u043a\u0430 \u0438 \u0434\u0438\u0458\u0430\u0441\u043f\u043e\u0440\u0430","article_modified_time":"2019-04-17T13:05:17+00:00","twitter_card":"summary_large_image","schema":{"@context":"https:\/\/schema.org","@graph":[{"@type":"WebPage","@id":"https:\/\/dijasporars.com\/en\/drugi-forum\/","url":"https:\/\/dijasporars.com\/en\/drugi-forum\/","name":"\u0414\u0440\u0443\u0433\u0438 \u0424\u043e\u0440\u0443\u043c - \u0420\u0435\u043f\u0443\u0431\u043b\u0438\u043a\u0430 \u0421\u0440\u043f\u0441\u043a\u0430 \u0438 \u0434\u0438\u0458\u0430\u0441\u043f\u043e\u0440\u0430","isPartOf":{"@id":"https:\/\/dijasporars.com\/#website"},"datePublished":"2019-04-01T19:15:12+00:00","dateModified":"2019-04-17T13:05:17+00:00","description":"Stranica za dijasporu RS, ovdje mo\u017eete prona\u0107i sve informacije, pomo\u0107 i savjete na jednom mjestu.","breadcrumb":{"@id":"https:\/\/dijasporars.com\/en\/drugi-forum\/#breadcrumb"},"inLanguage":"en-US","potentialAction":[{"@type":"ReadAction","target":["https:\/\/dijasporars.com\/en\/drugi-forum\/"]}]},{"@type":"BreadcrumbList","@id":"https:\/\/dijasporars.com\/en\/drugi-forum\/#breadcrumb","itemListElement":[{"@type":"ListItem","position":1,"name":"\u041f\u043e\u0447\u0435\u0442\u043d\u0430","item":"https:\/\/dijasporars.com\/"},{"@type":"ListItem","position":2,"name":"\u0414\u0440\u0443\u0433\u0438 \u0424\u043e\u0440\u0443\u043c"}]},{"@type":"WebSite","@id":"https:\/\/dijasporars.com\/#website","url":"https:\/\/dijasporars.com\/","name":"\u0420\u0435\u043f\u0443\u0431\u043b\u0438\u043a\u0430 \u0421\u0440\u043f\u0441\u043a\u0430 \u0438 \u0434\u0438\u0458\u0430\u0441\u043f\u043e\u0440\u0430","description":"","potentialAction":[{"@type":"SearchAction","target":{"@type":"EntryPoint","urlTemplate":"https:\/\/dijasporars.com\/?s={search_term_string}"},"query-input":{"@type":"PropertyValueSpecification","valueRequired":true,"valueName":"search_term_string"}}],"inLanguage":"en-US"}]}},"_links":{"self":[{"href":"https:\/\/dijasporars.com\/en\/wp-json\/wp\/v2\/pages\/921","targetHints":{"allow":["GET"]}}],"collection":[{"href":"https:\/\/dijasporars.com\/en\/wp-json\/wp\/v2\/pages"}],"about":[{"href":"https:\/\/dijasporars.com\/en\/wp-json\/wp\/v2\/types\/page"}],"author":[{"embeddable":true,"href":"https:\/\/dijasporars.com\/en\/wp-json\/wp\/v2\/users\/1"}],"replies":[{"embeddable":true,"href":"https:\/\/dijasporars.com\/en\/wp-json\/wp\/v2\/comments?post=921"}],"version-history":[{"count":14,"href":"https:\/\/dijasporars.com\/en\/wp-json\/wp\/v2\/pages\/921\/revisions"}],"predecessor-version":[{"id":1178,"href":"https:\/\/dijasporars.com\/en\/wp-json\/wp\/v2\/pages\/921\/revisions\/1178"}],"wp:attachment":[{"href":"https:\/\/dijasporars.com\/en\/wp-json\/wp\/v2\/media?parent=921"}],"curies":[{"name":"wp","href":"https:\/\/api.w.org\/{rel}","templated":true}]}}