{"id":914,"date":"2019-04-01T19:03:37","date_gmt":"2019-04-01T19:03:37","guid":{"rendered":"http:\/\/dijasporars.com\/?page_id=914"},"modified":"2020-06-26T14:02:26","modified_gmt":"2020-06-26T12:02:26","slug":"forum-dijaspore","status":"publish","type":"page","link":"https:\/\/dijasporars.com\/en\/forum-dijaspore\/","title":{"rendered":"Diaspora forum"},"content":{"rendered":"<div class=\"vc_row wpb_row vc_row-fluid\"><div class=\"wpb_column vc_column_container vc_col-sm-12\"><div class=\"vc_column-inner\"><div class=\"wpb_wrapper\"><div class=\"content-widget-title\"><div class=\"content-title-text\"><h3>About Forum<span class=\"separator\">\r\n\t\t\t\t\t\t\t\t\t\t\t\t<span class=\"separator-line\"><\/span>\r\n\t\t\t\t\t\t\t\t\t\t\t\t<span class=\"separator-dot\"><\/span>\r\n\t\t\t\t\t\t\t\t\t\t\t<\/span><\/h3><\/div><\/div><div class=\"vc_empty_space\"   style=\"height: 32px\" ><span class=\"vc_empty_space_inner\"><\/span><\/div>\n\n\t<div class=\"wpb_text_column wpb_content_element\" >\n\t\t<div class=\"wpb_wrapper\">\n\t\t\t<p>The initiative for holding the Diaspora Forum was launched in 2018 by and under the auspices of the President of the Republic of Srpska Milorad Dodik with the aim of establishing permanent mechanisms for strengthening economic, cultural-scientific and any other cooperation between the Republic of Srpska and Serbs abroad.<\/p>\n<p>The forum is an opportunity for representatives of the diaspora from different countries, representatives of the political, cultural, academic life of the Republika Srpska, and church officials to meet and discuss topics of interest to the Republika Srpska and its diaspora. The Diaspora Forum is the largest forum that brings together Serbs from the homeland and from abroad, as well as all foreign citizens who study the Serbian language, history and culture and who are interested in the development of the Republika Srpska.<\/p>\n<p>Establishing contacts, presenting ideas, presenting suggestions and proposals for strengthening cooperation are the expected results of such events. Experience has shown that it is very important that the representatives of the institutions of the Republika Srpska hear the opinions of our citizens living abroad first hand. At such events, topics of common interest are recognized and determined, which the competent institutions include in their plans and strategic documents, with the aim of quality and successful cooperation with the diaspora.<\/p>\n\n\t\t<\/div>\n\t<\/div>\n<\/div><\/div><\/div><\/div><div class=\"vc_row wpb_row vc_row-fluid\"><div class=\"wpb_column vc_column_container vc_col-sm-12\"><div class=\"vc_column-inner\"><div class=\"wpb_wrapper\"><\/div><\/div><\/div><\/div>","protected":false},"excerpt":{"rendered":"\u041e \u0424\u043e\u0440\u0443\u043c\u0443 \u0434\u0438\u0458\u0430\u0441\u043f\u043e\u0440\u0435 \u0418\u043d\u0438\u0446\u0438\u0458\u0430\u0442\u0438\u0432\u0430 \u0437\u0430 \u043e\u0434\u0440\u0436\u0430\u0432\u0430\u045a\u0435 \u0424\u043e\u0440\u0443\u043c\u0430 \u0434\u0438\u0458\u0430\u0441\u043f\u043e\u0440\u0435 \u043f\u043e\u043a\u0440\u0435\u043d\u0443\u0442\u0430 \u0458\u0435 2018. \u0433\u043e\u0434\u0438\u043d\u0435 \u043e\u0434 \u0441\u0442\u0440\u0430\u043d\u0435 \u0438\u00a0 \u043f\u043e\u0434 \u043f\u043e\u043a\u0440\u043e\u0432\u0438\u0442\u0435\u0459\u0441\u0442\u0432\u043e\u043c \u043f\u0440\u0435\u0434\u0441\u0458\u0435\u0434\u043d\u0438\u043a\u0430 \u0420\u0435\u043f\u0443\u0431\u043b\u0438\u043a\u0435 \u0421\u0440\u043f\u0441\u043a\u0435 \u041c\u0438\u043b\u043e\u0440\u0430\u0434\u0430 \u0414\u043e\u0434\u0438\u043a\u0430 \u0441\u0430 \u0446\u0438\u0459\u0435\u043c \u0443\u0441\u043f\u043e\u0441\u0442\u0430\u0432\u0459\u0430\u045a\u0430 \u0442\u0440\u0430\u0458\u043d\u0438\u0445 \u043c\u0435\u0445\u0430\u043d\u0438\u0437\u0430\u043c\u0430 \u0437\u0430 \u0458\u0430\u0447\u0430\u045a\u0435 \u043f\u0440\u0438\u0432\u0440\u0435\u0434\u043d\u0435, \u043a\u0443\u043b\u0442\u0443\u0440\u043d\u043e-\u043d\u0430\u0443\u0447\u043d\u0435 \u0438 \u0441\u0432\u0430\u043a\u0435 \u0434\u0440\u0443\u0433\u0435 \u0441\u0430\u0440\u0430\u0434\u045a\u0435 \u0438\u0437\u043c\u0435\u0452\u0443 \u0420\u0435\u043f\u0443\u0431\u043b\u0438\u043a\u0435 \u0421\u0440\u043f\u0441\u043a\u0435 \u0438 \u0421\u0440\u0431\u0430 \u0443 \u0438\u043d\u043e\u0441\u0442\u0440\u0430\u043d\u0441\u0442\u0432\u0443. \u0424\u043e\u0440\u0443\u043c \u0458\u0435 \u043f\u0440\u0438\u043b\u0438\u043a\u0430 \u0434\u0430 \u0441\u0435 \u043f\u0440\u0435\u0434\u0441\u0442\u0430\u0432\u043d\u0438\u0446\u0438 \u0434\u0438\u0458\u0430\u0441\u043f\u043e\u0440\u0435 \u0438\u0437 \u0440\u0430\u0437\u043b\u0438\u0447\u0438\u0442\u0438\u0445 \u0437\u0435\u043c\u0430\u0459\u0430, \u043f\u0440\u0435\u0434\u0441\u0442\u0430\u0432\u043d\u0438\u0446\u0438, \u043f\u043e\u043b\u0438\u0442\u0438\u0447\u043a\u043e\u0433, \u043a\u0443\u043b\u0442\u0443\u0440\u043d\u043e\u0433,...","protected":false},"author":1,"featured_media":0,"parent":0,"menu_order":0,"comment_status":"closed","ping_status":"closed","template":"","meta":{"footnotes":""},"class_list":["post-914","page","type-page","status-publish","hentry"],"yoast_head":"<!-- This site is optimized with the Yoast SEO plugin v24.6 - https:\/\/yoast.com\/wordpress\/plugins\/seo\/ -->\n<title>\u0424\u043e\u0440\u0443\u043c \u0434\u0438\u0458\u0430\u0441\u043f\u043e\u0440\u0435 - \u0420\u0435\u043f\u0443\u0431\u043b\u0438\u043a\u0430 \u0421\u0440\u043f\u0441\u043a\u0430 \u0438 \u0434\u0438\u0458\u0430\u0441\u043f\u043e\u0440\u0430<\/title>\n<meta name=\"description\" content=\"Stranica za dijasporu RS, ovdje mo\u017eete prona\u0107i sve informacije, pomo\u0107 i savjete na jednom mjestu.\" \/>\n<meta name=\"robots\" content=\"index, follow, max-snippet:-1, max-image-preview:large, max-video-preview:-1\" \/>\n<link rel=\"canonical\" href=\"https:\/\/dijasporars.com\/en\/forum-dijaspore\/\" \/>\n<meta property=\"og:locale\" content=\"en_US\" \/>\n<meta property=\"og:type\" content=\"article\" \/>\n<meta property=\"og:title\" content=\"\u0424\u043e\u0440\u0443\u043c \u0434\u0438\u0458\u0430\u0441\u043f\u043e\u0440\u0435 - \u0420\u0435\u043f\u0443\u0431\u043b\u0438\u043a\u0430 \u0421\u0440\u043f\u0441\u043a\u0430 \u0438 \u0434\u0438\u0458\u0430\u0441\u043f\u043e\u0440\u0430\" \/>\n<meta property=\"og:description\" content=\"Stranica za dijasporu RS, ovdje mo\u017eete prona\u0107i sve informacije, pomo\u0107 i savjete na jednom mjestu.\" \/>\n<meta property=\"og:url\" content=\"https:\/\/dijasporars.com\/en\/forum-dijaspore\/\" \/>\n<meta property=\"og:site_name\" content=\"\u0420\u0435\u043f\u0443\u0431\u043b\u0438\u043a\u0430 \u0421\u0440\u043f\u0441\u043a\u0430 \u0438 \u0434\u0438\u0458\u0430\u0441\u043f\u043e\u0440\u0430\" \/>\n<meta property=\"article:modified_time\" content=\"2020-06-26T12:02:26+00:00\" \/>\n<meta name=\"twitter:card\" content=\"summary_large_image\" \/>\n<script type=\"application\/ld+json\" class=\"yoast-schema-graph\">{\"@context\":\"https:\/\/schema.org\",\"@graph\":[{\"@type\":\"WebPage\",\"@id\":\"https:\/\/dijasporars.com\/en\/forum-dijaspore\/\",\"url\":\"https:\/\/dijasporars.com\/en\/forum-dijaspore\/\",\"name\":\"\u0424\u043e\u0440\u0443\u043c \u0434\u0438\u0458\u0430\u0441\u043f\u043e\u0440\u0435 - \u0420\u0435\u043f\u0443\u0431\u043b\u0438\u043a\u0430 \u0421\u0440\u043f\u0441\u043a\u0430 \u0438 \u0434\u0438\u0458\u0430\u0441\u043f\u043e\u0440\u0430\",\"isPartOf\":{\"@id\":\"https:\/\/dijasporars.com\/#website\"},\"datePublished\":\"2019-04-01T19:03:37+00:00\",\"dateModified\":\"2020-06-26T12:02:26+00:00\",\"description\":\"Stranica za dijasporu RS, ovdje mo\u017eete prona\u0107i sve informacije, pomo\u0107 i savjete na jednom mjestu.\",\"breadcrumb\":{\"@id\":\"https:\/\/dijasporars.com\/en\/forum-dijaspore\/#breadcrumb\"},\"inLanguage\":\"en-US\",\"potentialAction\":[{\"@type\":\"ReadAction\",\"target\":[\"https:\/\/dijasporars.com\/en\/forum-dijaspore\/\"]}]},{\"@type\":\"BreadcrumbList\",\"@id\":\"https:\/\/dijasporars.com\/en\/forum-dijaspore\/#breadcrumb\",\"itemListElement\":[{\"@type\":\"ListItem\",\"position\":1,\"name\":\"\u041f\u043e\u0447\u0435\u0442\u043d\u0430\",\"item\":\"https:\/\/dijasporars.com\/\"},{\"@type\":\"ListItem\",\"position\":2,\"name\":\"\u0424\u043e\u0440\u0443\u043c \u0434\u0438\u0458\u0430\u0441\u043f\u043e\u0440\u0435\"}]},{\"@type\":\"WebSite\",\"@id\":\"https:\/\/dijasporars.com\/#website\",\"url\":\"https:\/\/dijasporars.com\/\",\"name\":\"\u0420\u0435\u043f\u0443\u0431\u043b\u0438\u043a\u0430 \u0421\u0440\u043f\u0441\u043a\u0430 \u0438 \u0434\u0438\u0458\u0430\u0441\u043f\u043e\u0440\u0430\",\"description\":\"\",\"potentialAction\":[{\"@type\":\"SearchAction\",\"target\":{\"@type\":\"EntryPoint\",\"urlTemplate\":\"https:\/\/dijasporars.com\/?s={search_term_string}\"},\"query-input\":{\"@type\":\"PropertyValueSpecification\",\"valueRequired\":true,\"valueName\":\"search_term_string\"}}],\"inLanguage\":\"en-US\"}]}<\/script>\n<!-- \/ Yoast SEO plugin. -->","yoast_head_json":{"title":"\u0424\u043e\u0440\u0443\u043c \u0434\u0438\u0458\u0430\u0441\u043f\u043e\u0440\u0435 - \u0420\u0435\u043f\u0443\u0431\u043b\u0438\u043a\u0430 \u0421\u0440\u043f\u0441\u043a\u0430 \u0438 \u0434\u0438\u0458\u0430\u0441\u043f\u043e\u0440\u0430","description":"Stranica za dijasporu RS, ovdje mo\u017eete prona\u0107i sve informacije, pomo\u0107 i savjete na jednom mjestu.","robots":{"index":"index","follow":"follow","max-snippet":"max-snippet:-1","max-image-preview":"max-image-preview:large","max-video-preview":"max-video-preview:-1"},"canonical":"https:\/\/dijasporars.com\/en\/forum-dijaspore\/","og_locale":"en_US","og_type":"article","og_title":"\u0424\u043e\u0440\u0443\u043c \u0434\u0438\u0458\u0430\u0441\u043f\u043e\u0440\u0435 - \u0420\u0435\u043f\u0443\u0431\u043b\u0438\u043a\u0430 \u0421\u0440\u043f\u0441\u043a\u0430 \u0438 \u0434\u0438\u0458\u0430\u0441\u043f\u043e\u0440\u0430","og_description":"Stranica za dijasporu RS, ovdje mo\u017eete prona\u0107i sve informacije, pomo\u0107 i savjete na jednom mjestu.","og_url":"https:\/\/dijasporars.com\/en\/forum-dijaspore\/","og_site_name":"\u0420\u0435\u043f\u0443\u0431\u043b\u0438\u043a\u0430 \u0421\u0440\u043f\u0441\u043a\u0430 \u0438 \u0434\u0438\u0458\u0430\u0441\u043f\u043e\u0440\u0430","article_modified_time":"2020-06-26T12:02:26+00:00","twitter_card":"summary_large_image","schema":{"@context":"https:\/\/schema.org","@graph":[{"@type":"WebPage","@id":"https:\/\/dijasporars.com\/en\/forum-dijaspore\/","url":"https:\/\/dijasporars.com\/en\/forum-dijaspore\/","name":"\u0424\u043e\u0440\u0443\u043c \u0434\u0438\u0458\u0430\u0441\u043f\u043e\u0440\u0435 - \u0420\u0435\u043f\u0443\u0431\u043b\u0438\u043a\u0430 \u0421\u0440\u043f\u0441\u043a\u0430 \u0438 \u0434\u0438\u0458\u0430\u0441\u043f\u043e\u0440\u0430","isPartOf":{"@id":"https:\/\/dijasporars.com\/#website"},"datePublished":"2019-04-01T19:03:37+00:00","dateModified":"2020-06-26T12:02:26+00:00","description":"Stranica za dijasporu RS, ovdje mo\u017eete prona\u0107i sve informacije, pomo\u0107 i savjete na jednom mjestu.","breadcrumb":{"@id":"https:\/\/dijasporars.com\/en\/forum-dijaspore\/#breadcrumb"},"inLanguage":"en-US","potentialAction":[{"@type":"ReadAction","target":["https:\/\/dijasporars.com\/en\/forum-dijaspore\/"]}]},{"@type":"BreadcrumbList","@id":"https:\/\/dijasporars.com\/en\/forum-dijaspore\/#breadcrumb","itemListElement":[{"@type":"ListItem","position":1,"name":"\u041f\u043e\u0447\u0435\u0442\u043d\u0430","item":"https:\/\/dijasporars.com\/"},{"@type":"ListItem","position":2,"name":"\u0424\u043e\u0440\u0443\u043c \u0434\u0438\u0458\u0430\u0441\u043f\u043e\u0440\u0435"}]},{"@type":"WebSite","@id":"https:\/\/dijasporars.com\/#website","url":"https:\/\/dijasporars.com\/","name":"\u0420\u0435\u043f\u0443\u0431\u043b\u0438\u043a\u0430 \u0421\u0440\u043f\u0441\u043a\u0430 \u0438 \u0434\u0438\u0458\u0430\u0441\u043f\u043e\u0440\u0430","description":"","potentialAction":[{"@type":"SearchAction","target":{"@type":"EntryPoint","urlTemplate":"https:\/\/dijasporars.com\/?s={search_term_string}"},"query-input":{"@type":"PropertyValueSpecification","valueRequired":true,"valueName":"search_term_string"}}],"inLanguage":"en-US"}]}},"_links":{"self":[{"href":"https:\/\/dijasporars.com\/en\/wp-json\/wp\/v2\/pages\/914","targetHints":{"allow":["GET"]}}],"collection":[{"href":"https:\/\/dijasporars.com\/en\/wp-json\/wp\/v2\/pages"}],"about":[{"href":"https:\/\/dijasporars.com\/en\/wp-json\/wp\/v2\/types\/page"}],"author":[{"embeddable":true,"href":"https:\/\/dijasporars.com\/en\/wp-json\/wp\/v2\/users\/1"}],"replies":[{"embeddable":true,"href":"https:\/\/dijasporars.com\/en\/wp-json\/wp\/v2\/comments?post=914"}],"version-history":[{"count":10,"href":"https:\/\/dijasporars.com\/en\/wp-json\/wp\/v2\/pages\/914\/revisions"}],"predecessor-version":[{"id":1608,"href":"https:\/\/dijasporars.com\/en\/wp-json\/wp\/v2\/pages\/914\/revisions\/1608"}],"wp:attachment":[{"href":"https:\/\/dijasporars.com\/en\/wp-json\/wp\/v2\/media?parent=914"}],"curies":[{"name":"wp","href":"https:\/\/api.w.org\/{rel}","templated":true}]}}