{"id":1606,"date":"2020-06-26T14:01:05","date_gmt":"2020-06-26T12:01:05","guid":{"rendered":"https:\/\/dijasporars.com\/?page_id=1606"},"modified":"2020-06-26T14:06:02","modified_gmt":"2020-06-26T12:06:02","slug":"prvi-forum","status":"publish","type":"page","link":"https:\/\/dijasporars.com\/en\/prvi-forum\/","title":{"rendered":"First forum"},"content":{"rendered":"<div class=\"vc_row wpb_row vc_row-fluid\"><div class=\"wpb_column vc_column_container vc_col-sm-12\"><div class=\"vc_column-inner\"><div class=\"wpb_wrapper\"><div class=\"content-widget-title\"><div class=\"content-title-text\"><h3>First Diaspora Forum<span class=\"separator\">\r\n\t\t\t\t\t\t\t\t\t\t\t\t<span class=\"separator-line\"><\/span>\r\n\t\t\t\t\t\t\t\t\t\t\t\t<span class=\"separator-dot\"><\/span>\r\n\t\t\t\t\t\t\t\t\t\t\t<\/span><\/h3><\/div><\/div><div class=\"vc_empty_space\"   style=\"height: 32px\" ><span class=\"vc_empty_space_inner\"><\/span><\/div>\n\n\t<div class=\"wpb_text_column wpb_content_element\" >\n\t\t<div class=\"wpb_wrapper\">\n\t\t\t<p>The first Diaspora Forum was held in Banja Luka on February 24 and 25, 2018, under the auspices of the President of the Republic of Srpska, Milorad Dodik. The forum was attended by the highest officials of Srpska (Prime Minister of the Republic of Srpska \u017deljka Cvijanovi\u0107, President of the National Assembly of the Republic of Srpska Nedeljko \u010cubrilovi\u0107, numerous ministers from the Government of Srpska), Secretary General of the President of Serbia Nikola Selakovi\u0107 and representatives of public, political, church and social life of Srpska. The first Diaspora Forum gathered about 150 participants from 26 countries, including prominent university professors, cultural workers, businessmen, members of state, provincial and local parliaments, representatives of the Serbian Orthodox Church, unions, associations, cultural, humanitarian, student and other organizations.<\/p>\n<p>Within the first Diaspora Forum, panels were organized: \"Cultural and scientific networking with the Diaspora and humanitarian activities\" and \"Economic potentials of cooperation between the Republic of Srpska and the Diaspora\".<\/p>\n<p>Numerous initiatives related to finding a permanent mechanism for cooperation with the diaspora and Serbs abroad appeared at the first Diaspora Forum. Based on the mentioned initiatives, in 2019, the Government of the Republika Srpska established the Department for Institutional Cooperation and Diaspora within the Ministry of European Integration and International Cooperation as an institutional point for cooperation with the Diaspora.<\/p>\n\n\t\t<\/div>\n\t<\/div>\n<\/div><\/div><\/div><\/div>","protected":false},"excerpt":{"rendered":"\u041f\u0440\u0432\u0438 \u0424\u043e\u0440\u0443\u043c \u0434\u0438\u0458\u0430\u0441\u043f\u043e\u0440\u0435 \u041f\u0440\u0432\u0438 \u0424\u043e\u0440\u0443\u043c \u0434\u0438\u0458\u0430\u0441\u043f\u043e\u0440\u0435 \u043e\u0434\u0440\u0436\u0430\u043d \u0458\u0435 \u0443 \u0411\u0430\u045a\u043e\u0458 \u041b\u0443\u0446\u0438\u00a0 24. \u0438 25. \u0444\u0435\u0431\u0440\u0443\u0430\u0440\u0430 2018, \u043f\u043e\u0434 \u043f\u043e\u043a\u0440\u043e\u0432\u0438\u0442\u0435\u0459\u0441\u0442\u0432\u043e\u043c \u043f\u0440\u0435\u0434\u0441\u0458\u0435\u0434\u043d\u0438\u043a\u0430 \u0420\u0435\u043f\u0443\u0431\u043b\u0438\u043a\u0435 \u0421\u0440\u043f\u0441\u043a\u0435 \u041c\u0438\u043b\u043e\u0440\u0430\u0434\u0430 \u0414\u043e\u0434\u0438\u043a\u0430. \u0424\u043e\u0440\u0443\u043c\u0443 \u0441\u0443 \u043f\u0440\u0438\u0441\u0443\u0441\u0442\u0432\u043e\u0432\u0430\u043b\u0438 \u043d\u0430\u0458\u0432\u0438\u0448\u0438 \u0437\u0432\u0430\u043d\u0438\u0447\u043d\u0438\u0446\u0438 \u0421\u0440\u043f\u0441\u043a\u0435,\u00a0 (\u043f\u0440\u0435\u0434\u0441\u0458\u0435\u0434\u043d\u0438\u043a \u0412\u043b\u0430\u0434\u0435 \u0420\u0435\u043f\u0443\u0431\u043b\u0438\u043a\u0435 \u0421\u0440\u043f\u0441\u043a\u0435 \u0416\u0435\u0459\u043a\u0430 \u0426\u0432\u0438\u0458\u0430\u043d\u043e\u0432\u0438\u045b, \u043f\u0440\u0435\u0434\u0441\u0458\u0435\u0434\u043d\u0438\u043a \u041d\u0430\u0440\u043e\u0434\u043d\u0435 \u0441\u043a\u0443\u043f\u0448\u0442\u0438\u043d\u0435 \u0420\u0435\u043f\u0443\u0431\u043b\u0438\u043a\u0435 \u0421\u0440\u043f\u0441\u043a\u0435 \u041d\u0435\u0434\u0435\u0459\u043a\u043e \u0427\u0443\u0431\u0440\u0438\u043b\u043e\u0432\u0438\u045b, \u0431\u0440\u043e\u0458\u043d\u0438 \u043c\u0438\u043d\u0438\u0441\u0442\u0440\u0438 \u0438\u0437 \u0412\u043b\u0430\u0434\u0435 \u0421\u0440\u043f\u0441\u043a\u0435), \u0433\u0435\u043d\u0435\u0440\u0430\u043b\u043d\u0438 \u0441\u0435\u043a\u0440\u0435\u0442\u0430\u0440 \u043f\u0440\u0435\u0434\u0441\u0458\u0435\u0434\u043d\u0438\u043a\u0430 \u0421\u0440\u0431\u0438\u0458\u0435 \u041d\u0438\u043a\u043e\u043b\u0430 \u0421\u0435\u043b\u0430\u043a\u043e\u0432\u0438\u045b, \u0442\u0435 \u043f\u0440\u0435\u0434\u0441\u0442\u0430\u0432\u043d\u0438\u0446\u0438...","protected":false},"author":1,"featured_media":0,"parent":0,"menu_order":0,"comment_status":"closed","ping_status":"closed","template":"","meta":{"footnotes":""},"class_list":["post-1606","page","type-page","status-publish","hentry"],"yoast_head":"<!-- This site is optimized with the Yoast SEO plugin v24.6 - https:\/\/yoast.com\/wordpress\/plugins\/seo\/ -->\n<title>\u041f\u0440\u0432\u0438 \u0424\u043e\u0440\u0443\u043c - \u0420\u0435\u043f\u0443\u0431\u043b\u0438\u043a\u0430 \u0421\u0440\u043f\u0441\u043a\u0430 \u0438 \u0434\u0438\u0458\u0430\u0441\u043f\u043e\u0440\u0430<\/title>\n<meta name=\"description\" content=\"Stranica za dijasporu RS, ovdje mo\u017eete prona\u0107i sve informacije, pomo\u0107 i savjete na jednom mjestu.\" \/>\n<meta name=\"robots\" content=\"index, follow, max-snippet:-1, max-image-preview:large, max-video-preview:-1\" \/>\n<link rel=\"canonical\" href=\"https:\/\/dijasporars.com\/en\/prvi-forum\/\" \/>\n<meta property=\"og:locale\" content=\"en_US\" \/>\n<meta property=\"og:type\" content=\"article\" \/>\n<meta property=\"og:title\" content=\"\u041f\u0440\u0432\u0438 \u0424\u043e\u0440\u0443\u043c - \u0420\u0435\u043f\u0443\u0431\u043b\u0438\u043a\u0430 \u0421\u0440\u043f\u0441\u043a\u0430 \u0438 \u0434\u0438\u0458\u0430\u0441\u043f\u043e\u0440\u0430\" \/>\n<meta property=\"og:description\" content=\"Stranica za dijasporu RS, ovdje mo\u017eete prona\u0107i sve informacije, pomo\u0107 i savjete na jednom mjestu.\" \/>\n<meta property=\"og:url\" content=\"https:\/\/dijasporars.com\/en\/prvi-forum\/\" \/>\n<meta property=\"og:site_name\" content=\"\u0420\u0435\u043f\u0443\u0431\u043b\u0438\u043a\u0430 \u0421\u0440\u043f\u0441\u043a\u0430 \u0438 \u0434\u0438\u0458\u0430\u0441\u043f\u043e\u0440\u0430\" \/>\n<meta property=\"article:modified_time\" content=\"2020-06-26T12:06:02+00:00\" \/>\n<meta name=\"twitter:card\" content=\"summary_large_image\" \/>\n<script type=\"application\/ld+json\" class=\"yoast-schema-graph\">{\"@context\":\"https:\/\/schema.org\",\"@graph\":[{\"@type\":\"WebPage\",\"@id\":\"https:\/\/dijasporars.com\/prvi-forum\/\",\"url\":\"https:\/\/dijasporars.com\/prvi-forum\/\",\"name\":\"\u041f\u0440\u0432\u0438 \u0424\u043e\u0440\u0443\u043c - \u0420\u0435\u043f\u0443\u0431\u043b\u0438\u043a\u0430 \u0421\u0440\u043f\u0441\u043a\u0430 \u0438 \u0434\u0438\u0458\u0430\u0441\u043f\u043e\u0440\u0430\",\"isPartOf\":{\"@id\":\"https:\/\/dijasporars.com\/#website\"},\"datePublished\":\"2020-06-26T12:01:05+00:00\",\"dateModified\":\"2020-06-26T12:06:02+00:00\",\"description\":\"Stranica za dijasporu RS, ovdje mo\u017eete prona\u0107i sve informacije, pomo\u0107 i savjete na jednom mjestu.\",\"breadcrumb\":{\"@id\":\"https:\/\/dijasporars.com\/prvi-forum\/#breadcrumb\"},\"inLanguage\":\"en-US\",\"potentialAction\":[{\"@type\":\"ReadAction\",\"target\":[\"https:\/\/dijasporars.com\/prvi-forum\/\"]}]},{\"@type\":\"BreadcrumbList\",\"@id\":\"https:\/\/dijasporars.com\/prvi-forum\/#breadcrumb\",\"itemListElement\":[{\"@type\":\"ListItem\",\"position\":1,\"name\":\"\u041f\u043e\u0447\u0435\u0442\u043d\u0430\",\"item\":\"https:\/\/dijasporars.com\/\"},{\"@type\":\"ListItem\",\"position\":2,\"name\":\"\u041f\u0440\u0432\u0438 \u0424\u043e\u0440\u0443\u043c\"}]},{\"@type\":\"WebSite\",\"@id\":\"https:\/\/dijasporars.com\/#website\",\"url\":\"https:\/\/dijasporars.com\/\",\"name\":\"\u0420\u0435\u043f\u0443\u0431\u043b\u0438\u043a\u0430 \u0421\u0440\u043f\u0441\u043a\u0430 \u0438 \u0434\u0438\u0458\u0430\u0441\u043f\u043e\u0440\u0430\",\"description\":\"\",\"potentialAction\":[{\"@type\":\"SearchAction\",\"target\":{\"@type\":\"EntryPoint\",\"urlTemplate\":\"https:\/\/dijasporars.com\/?s={search_term_string}\"},\"query-input\":{\"@type\":\"PropertyValueSpecification\",\"valueRequired\":true,\"valueName\":\"search_term_string\"}}],\"inLanguage\":\"en-US\"}]}<\/script>\n<!-- \/ Yoast SEO plugin. -->","yoast_head_json":{"title":"\u041f\u0440\u0432\u0438 \u0424\u043e\u0440\u0443\u043c - \u0420\u0435\u043f\u0443\u0431\u043b\u0438\u043a\u0430 \u0421\u0440\u043f\u0441\u043a\u0430 \u0438 \u0434\u0438\u0458\u0430\u0441\u043f\u043e\u0440\u0430","description":"Stranica za dijasporu RS, ovdje mo\u017eete prona\u0107i sve informacije, pomo\u0107 i savjete na jednom mjestu.","robots":{"index":"index","follow":"follow","max-snippet":"max-snippet:-1","max-image-preview":"max-image-preview:large","max-video-preview":"max-video-preview:-1"},"canonical":"https:\/\/dijasporars.com\/en\/prvi-forum\/","og_locale":"en_US","og_type":"article","og_title":"\u041f\u0440\u0432\u0438 \u0424\u043e\u0440\u0443\u043c - \u0420\u0435\u043f\u0443\u0431\u043b\u0438\u043a\u0430 \u0421\u0440\u043f\u0441\u043a\u0430 \u0438 \u0434\u0438\u0458\u0430\u0441\u043f\u043e\u0440\u0430","og_description":"Stranica za dijasporu RS, ovdje mo\u017eete prona\u0107i sve informacije, pomo\u0107 i savjete na jednom mjestu.","og_url":"https:\/\/dijasporars.com\/en\/prvi-forum\/","og_site_name":"\u0420\u0435\u043f\u0443\u0431\u043b\u0438\u043a\u0430 \u0421\u0440\u043f\u0441\u043a\u0430 \u0438 \u0434\u0438\u0458\u0430\u0441\u043f\u043e\u0440\u0430","article_modified_time":"2020-06-26T12:06:02+00:00","twitter_card":"summary_large_image","schema":{"@context":"https:\/\/schema.org","@graph":[{"@type":"WebPage","@id":"https:\/\/dijasporars.com\/prvi-forum\/","url":"https:\/\/dijasporars.com\/prvi-forum\/","name":"\u041f\u0440\u0432\u0438 \u0424\u043e\u0440\u0443\u043c - \u0420\u0435\u043f\u0443\u0431\u043b\u0438\u043a\u0430 \u0421\u0440\u043f\u0441\u043a\u0430 \u0438 \u0434\u0438\u0458\u0430\u0441\u043f\u043e\u0440\u0430","isPartOf":{"@id":"https:\/\/dijasporars.com\/#website"},"datePublished":"2020-06-26T12:01:05+00:00","dateModified":"2020-06-26T12:06:02+00:00","description":"Stranica za dijasporu RS, ovdje mo\u017eete prona\u0107i sve informacije, pomo\u0107 i savjete na jednom mjestu.","breadcrumb":{"@id":"https:\/\/dijasporars.com\/prvi-forum\/#breadcrumb"},"inLanguage":"en-US","potentialAction":[{"@type":"ReadAction","target":["https:\/\/dijasporars.com\/prvi-forum\/"]}]},{"@type":"BreadcrumbList","@id":"https:\/\/dijasporars.com\/prvi-forum\/#breadcrumb","itemListElement":[{"@type":"ListItem","position":1,"name":"\u041f\u043e\u0447\u0435\u0442\u043d\u0430","item":"https:\/\/dijasporars.com\/"},{"@type":"ListItem","position":2,"name":"\u041f\u0440\u0432\u0438 \u0424\u043e\u0440\u0443\u043c"}]},{"@type":"WebSite","@id":"https:\/\/dijasporars.com\/#website","url":"https:\/\/dijasporars.com\/","name":"\u0420\u0435\u043f\u0443\u0431\u043b\u0438\u043a\u0430 \u0421\u0440\u043f\u0441\u043a\u0430 \u0438 \u0434\u0438\u0458\u0430\u0441\u043f\u043e\u0440\u0430","description":"","potentialAction":[{"@type":"SearchAction","target":{"@type":"EntryPoint","urlTemplate":"https:\/\/dijasporars.com\/?s={search_term_string}"},"query-input":{"@type":"PropertyValueSpecification","valueRequired":true,"valueName":"search_term_string"}}],"inLanguage":"en-US"}]}},"_links":{"self":[{"href":"https:\/\/dijasporars.com\/en\/wp-json\/wp\/v2\/pages\/1606","targetHints":{"allow":["GET"]}}],"collection":[{"href":"https:\/\/dijasporars.com\/en\/wp-json\/wp\/v2\/pages"}],"about":[{"href":"https:\/\/dijasporars.com\/en\/wp-json\/wp\/v2\/types\/page"}],"author":[{"embeddable":true,"href":"https:\/\/dijasporars.com\/en\/wp-json\/wp\/v2\/users\/1"}],"replies":[{"embeddable":true,"href":"https:\/\/dijasporars.com\/en\/wp-json\/wp\/v2\/comments?post=1606"}],"version-history":[{"count":1,"href":"https:\/\/dijasporars.com\/en\/wp-json\/wp\/v2\/pages\/1606\/revisions"}],"predecessor-version":[{"id":1607,"href":"https:\/\/dijasporars.com\/en\/wp-json\/wp\/v2\/pages\/1606\/revisions\/1607"}],"wp:attachment":[{"href":"https:\/\/dijasporars.com\/en\/wp-json\/wp\/v2\/media?parent=1606"}],"curies":[{"name":"wp","href":"https:\/\/api.w.org\/{rel}","templated":true}]}}