{"id":921,"date":"2019-04-01T19:15:12","date_gmt":"2019-04-01T19:15:12","guid":{"rendered":"http:\/\/dijasporars.com\/?page_id=921"},"modified":"2019-04-17T15:05:17","modified_gmt":"2019-04-17T13:05:17","slug":"drugi-forum","status":"publish","type":"page","link":"https:\/\/dijasporars.com\/de\/drugi-forum\/","title":{"rendered":"Zweites Diaspora-Forum"},"content":{"rendered":"<div class=\"vc_row wpb_row vc_row-fluid\"><div class=\"wpb_column vc_column_container vc_col-sm-12\"><div class=\"vc_column-inner\"><div class=\"wpb_wrapper\"><div class=\"content-widget-title\"><div class=\"content-title-text\"><h3>Zweites Diaspora-Forum<span class=\"separator\">\r\n\t\t\t\t\t\t\t\t\t\t\t\t<span class=\"separator-line\"><\/span>\r\n\t\t\t\t\t\t\t\t\t\t\t\t<span class=\"separator-dot\"><\/span>\r\n\t\t\t\t\t\t\t\t\t\t\t<\/span><\/h3><\/div><\/div><div class=\"vc_empty_space\"   style=\"height: 32px\" ><span class=\"vc_empty_space_inner\"><\/span><\/div>\n\n\t<div class=\"wpb_text_column wpb_content_element\" >\n\t\t<div class=\"wpb_wrapper\">\n\t\t\t<p>Das Zweite Diaspora-Forum findet unter der Schirmherrschaft der Pr\u00e4sidentin der Republika Srpska \u017deljka Cvijanovi\u0107 vom 30. bis 31. Mai 2019 in Banja Luka statt. In diesem Jahr wird das Diaspora-Forum rund 200 Teilnehmer aus mehr als 40 L\u00e4ndern versammeln. Unterst\u00fctzung bei der Organisation des Forums leisten die Regierung der Republika Srpska, Vertretungen der Republika Srpska im Ausland und die serbisch-orthodoxe Kirche.<\/p>\n<p>Das Diaspora-Forum bringt Vertreter der Institutionen der Republika Srpska und der Republik Serbien, Gesch\u00e4ftsleute, Experten aus verschiedenen Bereichen, Mitglieder von Staats-, Provinz- und Gemeindeparlamenten, Universit\u00e4tsprofessoren, Leiter von kulturellen, humanit\u00e4ren und anderen Organisationen und Verb\u00e4nden, Vertreter der serbisch-orthodoxen Kirche sowie Jugendliche und Studierende aus der Heimat und der Diaspora zusammen.<\/p>\n<p>Das Forum steht auch ausl\u00e4ndischen B\u00fcrgern offen, die die serbische Sprache, Geschichte und Kultur studieren und daran interessiert sind, die Entwicklung der Republika Srpska mit ihren Kenntnissen, Erfahrungen und Kontakten zu unterst\u00fctzen.<\/p>\n<p>Das Ziel des vergangenen und des diesj\u00e4hrigen Forums ist es, eine Plattform zu bilden, die jedes Jahr Serben, serbische Organisationen, Menschen aus dem Ausland und Freunde der Republika Srpska zusammenbringt. Auf dem Forum werden jedes Jahr Ideen und Vorschl\u00e4ge diskutiert, wie man die personellen, wirtschaftlichen und alle anderen Kapazit\u00e4ten der Diaspora und der Serben im Ausland auf die Entwicklung der Republika Srpska ausrichten kann, aber auch wie man mit der serbisch-orthodoxen Kirche, der serbische Organisationen im Ausland und der Vertretungen der Republika Srpska in der Welt Aktivit\u00e4ten durchf\u00fchrt, die zur St\u00e4rkung der Einheit und der Wahrung der geistlichen, kulturellen und nationalen Identit\u00e4t der Serben im Ausland beitragen k\u00f6nnen.<\/p>\n<p>Die Teilnehmer des Zweiten Diaspora-Forums haben die M\u00f6glichkeit, den Institutionen der Republika Srpska Richtlinien und Ideen f\u00fcr die Entwicklung der Strategie der Republika Srpska f\u00fcr die Zusammenarbeit mit der Diaspora und den Serben im Ausland zu geben. Au\u00dferdem haben die Teilnehmer die M\u00f6glichkeit, den Institutionen der Republika Srpska Ideen und Initiativen zur Steigerung der Reputation der Republika Srpska in der Welt und zur Schaffung und St\u00e4rkung von Beziehungen zu anderen L\u00e4ndern zu \u00fcbermitteln.<\/p>\n\n\t\t<\/div>\n\t<\/div>\n<\/div><\/div><\/div><\/div>","protected":false},"excerpt":{"rendered":"\u0414\u0440\u0443\u0433\u0438 \u0424\u043e\u0440\u0443\u043c \u0434\u0438\u0458\u0430\u0441\u043f\u043e\u0440\u0435 \u0414\u0440\u0443\u0433\u0438 \u0424\u043e\u0440\u0443\u043c \u0434\u0438\u0458\u0430\u0441\u043f\u043e\u0440\u0435 \u043e\u0434\u0440\u0436\u0430\u0432\u0430 \u0441\u0435 \u043f\u043e\u0434 \u043f\u043e\u043a\u0440\u043e\u0432\u0438\u0442\u0435\u0459\u0441\u0442\u0432\u043e\u043c \u043f\u0440\u0435\u0434\u0441\u0458\u0435\u0434\u043d\u0438\u0446\u0435 \u0420\u0435\u043f\u0443\u0431\u043b\u0438\u043a\u0435 \u0421\u0440\u043f\u0441\u043a\u0435 \u0416\u0435\u0459\u043a\u0435 \u0426\u0432\u0438\u0458\u0430\u043d\u043e\u0432\u0438\u045b \u0443 \u043f\u0435\u0440\u0438\u043e\u0434\u0443 \u043e\u0434 30. \u0434\u043e 31. \u043c\u0430\u0458\u0430 2019. \u0433\u043e\u0434\u0438\u043d\u0435 \u0443 \u0411\u0430\u045a\u0430\u043b\u0443\u0446\u0438. \u0424\u043e\u0440\u0443\u043c \u0434\u0438\u0458\u0430\u0441\u043f\u043e\u0440\u0435 \u045b\u0435 \u043e\u0432\u0435 \u0433\u043e\u0434\u0438\u043d\u0435 \u043e\u043a\u0443\u043f\u0438\u0442\u0438 \u043e\u043a\u043e 200 \u0443\u0447\u0435\u0441\u043d\u0438\u043a\u0430 \u0438\u0437 \u0432\u0438\u0448\u0435 \u043e\u0434 40 \u0437\u0435\u043c\u0430\u0459\u0430. \u041f\u043e\u0434\u0440\u0448\u043a\u0443 \u0443 \u043e\u0440\u0433\u0430\u043d\u0438\u0437\u0430\u0446\u0438\u0458\u0438 \u0444\u043e\u0440\u0443\u043c\u0430 \u043f\u0440\u0443\u0436\u0430\u0458\u0443 \u0412\u043b\u0430\u0434\u0430 \u0420\u0435\u043f\u0443\u0431\u043b\u0438\u043a\u0435 \u0421\u0440\u043f\u0441\u043a\u0435, \u043f\u0440\u0435\u0434\u0441\u0442\u0430\u0432\u043d\u0438\u0448\u0442\u0432\u0430 \u0420\u0435\u043f\u0443\u0431\u043b\u0438\u043a\u0435 \u0421\u0440\u043f\u0441\u043a\u0435 \u0443 \u0438\u043d\u043e\u0441\u0442\u0440\u0430\u043d\u0441\u0442\u0432\u0443 \u0438 \u0421\u0440\u043f\u0441\u043a\u0430...","protected":false},"author":1,"featured_media":0,"parent":0,"menu_order":0,"comment_status":"closed","ping_status":"closed","template":"","meta":{"footnotes":""},"class_list":["post-921","page","type-page","status-publish","hentry"],"yoast_head":"<!-- This site is optimized with the Yoast SEO plugin v24.6 - https:\/\/yoast.com\/wordpress\/plugins\/seo\/ -->\n<title>\u0414\u0440\u0443\u0433\u0438 \u0424\u043e\u0440\u0443\u043c - \u0420\u0435\u043f\u0443\u0431\u043b\u0438\u043a\u0430 \u0421\u0440\u043f\u0441\u043a\u0430 \u0438 \u0434\u0438\u0458\u0430\u0441\u043f\u043e\u0440\u0430<\/title>\n<meta name=\"description\" content=\"Stranica za dijasporu RS, ovdje mo\u017eete prona\u0107i sve informacije, pomo\u0107 i savjete na jednom mjestu.\" \/>\n<meta name=\"robots\" content=\"index, follow, max-snippet:-1, max-image-preview:large, max-video-preview:-1\" \/>\n<link rel=\"canonical\" href=\"https:\/\/dijasporars.com\/de\/drugi-forum\/\" \/>\n<meta property=\"og:locale\" content=\"de_DE\" \/>\n<meta property=\"og:type\" content=\"article\" \/>\n<meta property=\"og:title\" content=\"\u0414\u0440\u0443\u0433\u0438 \u0424\u043e\u0440\u0443\u043c - \u0420\u0435\u043f\u0443\u0431\u043b\u0438\u043a\u0430 \u0421\u0440\u043f\u0441\u043a\u0430 \u0438 \u0434\u0438\u0458\u0430\u0441\u043f\u043e\u0440\u0430\" \/>\n<meta property=\"og:description\" content=\"Stranica za dijasporu RS, ovdje mo\u017eete prona\u0107i sve informacije, pomo\u0107 i savjete na jednom mjestu.\" \/>\n<meta property=\"og:url\" content=\"https:\/\/dijasporars.com\/de\/drugi-forum\/\" \/>\n<meta property=\"og:site_name\" content=\"\u0420\u0435\u043f\u0443\u0431\u043b\u0438\u043a\u0430 \u0421\u0440\u043f\u0441\u043a\u0430 \u0438 \u0434\u0438\u0458\u0430\u0441\u043f\u043e\u0440\u0430\" \/>\n<meta property=\"article:modified_time\" content=\"2019-04-17T13:05:17+00:00\" \/>\n<meta name=\"twitter:card\" content=\"summary_large_image\" \/>\n<script type=\"application\/ld+json\" class=\"yoast-schema-graph\">{\"@context\":\"https:\/\/schema.org\",\"@graph\":[{\"@type\":\"WebPage\",\"@id\":\"https:\/\/dijasporars.com\/en\/drugi-forum\/\",\"url\":\"https:\/\/dijasporars.com\/en\/drugi-forum\/\",\"name\":\"\u0414\u0440\u0443\u0433\u0438 \u0424\u043e\u0440\u0443\u043c - \u0420\u0435\u043f\u0443\u0431\u043b\u0438\u043a\u0430 \u0421\u0440\u043f\u0441\u043a\u0430 \u0438 \u0434\u0438\u0458\u0430\u0441\u043f\u043e\u0440\u0430\",\"isPartOf\":{\"@id\":\"https:\/\/dijasporars.com\/#website\"},\"datePublished\":\"2019-04-01T19:15:12+00:00\",\"dateModified\":\"2019-04-17T13:05:17+00:00\",\"description\":\"Stranica za dijasporu RS, ovdje mo\u017eete prona\u0107i sve informacije, pomo\u0107 i savjete na jednom mjestu.\",\"breadcrumb\":{\"@id\":\"https:\/\/dijasporars.com\/en\/drugi-forum\/#breadcrumb\"},\"inLanguage\":\"de\",\"potentialAction\":[{\"@type\":\"ReadAction\",\"target\":[\"https:\/\/dijasporars.com\/en\/drugi-forum\/\"]}]},{\"@type\":\"BreadcrumbList\",\"@id\":\"https:\/\/dijasporars.com\/en\/drugi-forum\/#breadcrumb\",\"itemListElement\":[{\"@type\":\"ListItem\",\"position\":1,\"name\":\"\u041f\u043e\u0447\u0435\u0442\u043d\u0430\",\"item\":\"https:\/\/dijasporars.com\/\"},{\"@type\":\"ListItem\",\"position\":2,\"name\":\"\u0414\u0440\u0443\u0433\u0438 \u0424\u043e\u0440\u0443\u043c\"}]},{\"@type\":\"WebSite\",\"@id\":\"https:\/\/dijasporars.com\/#website\",\"url\":\"https:\/\/dijasporars.com\/\",\"name\":\"\u0420\u0435\u043f\u0443\u0431\u043b\u0438\u043a\u0430 \u0421\u0440\u043f\u0441\u043a\u0430 \u0438 \u0434\u0438\u0458\u0430\u0441\u043f\u043e\u0440\u0430\",\"description\":\"\",\"potentialAction\":[{\"@type\":\"SearchAction\",\"target\":{\"@type\":\"EntryPoint\",\"urlTemplate\":\"https:\/\/dijasporars.com\/?s={search_term_string}\"},\"query-input\":{\"@type\":\"PropertyValueSpecification\",\"valueRequired\":true,\"valueName\":\"search_term_string\"}}],\"inLanguage\":\"de\"}]}<\/script>\n<!-- \/ Yoast SEO plugin. -->","yoast_head_json":{"title":"\u0414\u0440\u0443\u0433\u0438 \u0424\u043e\u0440\u0443\u043c - \u0420\u0435\u043f\u0443\u0431\u043b\u0438\u043a\u0430 \u0421\u0440\u043f\u0441\u043a\u0430 \u0438 \u0434\u0438\u0458\u0430\u0441\u043f\u043e\u0440\u0430","description":"Stranica za dijasporu RS, ovdje mo\u017eete prona\u0107i sve informacije, pomo\u0107 i savjete na jednom mjestu.","robots":{"index":"index","follow":"follow","max-snippet":"max-snippet:-1","max-image-preview":"max-image-preview:large","max-video-preview":"max-video-preview:-1"},"canonical":"https:\/\/dijasporars.com\/de\/drugi-forum\/","og_locale":"de_DE","og_type":"article","og_title":"\u0414\u0440\u0443\u0433\u0438 \u0424\u043e\u0440\u0443\u043c - \u0420\u0435\u043f\u0443\u0431\u043b\u0438\u043a\u0430 \u0421\u0440\u043f\u0441\u043a\u0430 \u0438 \u0434\u0438\u0458\u0430\u0441\u043f\u043e\u0440\u0430","og_description":"Stranica za dijasporu RS, ovdje mo\u017eete prona\u0107i sve informacije, pomo\u0107 i savjete na jednom mjestu.","og_url":"https:\/\/dijasporars.com\/de\/drugi-forum\/","og_site_name":"\u0420\u0435\u043f\u0443\u0431\u043b\u0438\u043a\u0430 \u0421\u0440\u043f\u0441\u043a\u0430 \u0438 \u0434\u0438\u0458\u0430\u0441\u043f\u043e\u0440\u0430","article_modified_time":"2019-04-17T13:05:17+00:00","twitter_card":"summary_large_image","schema":{"@context":"https:\/\/schema.org","@graph":[{"@type":"WebPage","@id":"https:\/\/dijasporars.com\/en\/drugi-forum\/","url":"https:\/\/dijasporars.com\/en\/drugi-forum\/","name":"\u0414\u0440\u0443\u0433\u0438 \u0424\u043e\u0440\u0443\u043c - \u0420\u0435\u043f\u0443\u0431\u043b\u0438\u043a\u0430 \u0421\u0440\u043f\u0441\u043a\u0430 \u0438 \u0434\u0438\u0458\u0430\u0441\u043f\u043e\u0440\u0430","isPartOf":{"@id":"https:\/\/dijasporars.com\/#website"},"datePublished":"2019-04-01T19:15:12+00:00","dateModified":"2019-04-17T13:05:17+00:00","description":"Stranica za dijasporu RS, ovdje mo\u017eete prona\u0107i sve informacije, pomo\u0107 i savjete na jednom mjestu.","breadcrumb":{"@id":"https:\/\/dijasporars.com\/en\/drugi-forum\/#breadcrumb"},"inLanguage":"de","potentialAction":[{"@type":"ReadAction","target":["https:\/\/dijasporars.com\/en\/drugi-forum\/"]}]},{"@type":"BreadcrumbList","@id":"https:\/\/dijasporars.com\/en\/drugi-forum\/#breadcrumb","itemListElement":[{"@type":"ListItem","position":1,"name":"\u041f\u043e\u0447\u0435\u0442\u043d\u0430","item":"https:\/\/dijasporars.com\/"},{"@type":"ListItem","position":2,"name":"\u0414\u0440\u0443\u0433\u0438 \u0424\u043e\u0440\u0443\u043c"}]},{"@type":"WebSite","@id":"https:\/\/dijasporars.com\/#website","url":"https:\/\/dijasporars.com\/","name":"\u0420\u0435\u043f\u0443\u0431\u043b\u0438\u043a\u0430 \u0421\u0440\u043f\u0441\u043a\u0430 \u0438 \u0434\u0438\u0458\u0430\u0441\u043f\u043e\u0440\u0430","description":"","potentialAction":[{"@type":"SearchAction","target":{"@type":"EntryPoint","urlTemplate":"https:\/\/dijasporars.com\/?s={search_term_string}"},"query-input":{"@type":"PropertyValueSpecification","valueRequired":true,"valueName":"search_term_string"}}],"inLanguage":"de"}]}},"_links":{"self":[{"href":"https:\/\/dijasporars.com\/de\/wp-json\/wp\/v2\/pages\/921","targetHints":{"allow":["GET"]}}],"collection":[{"href":"https:\/\/dijasporars.com\/de\/wp-json\/wp\/v2\/pages"}],"about":[{"href":"https:\/\/dijasporars.com\/de\/wp-json\/wp\/v2\/types\/page"}],"author":[{"embeddable":true,"href":"https:\/\/dijasporars.com\/de\/wp-json\/wp\/v2\/users\/1"}],"replies":[{"embeddable":true,"href":"https:\/\/dijasporars.com\/de\/wp-json\/wp\/v2\/comments?post=921"}],"version-history":[{"count":14,"href":"https:\/\/dijasporars.com\/de\/wp-json\/wp\/v2\/pages\/921\/revisions"}],"predecessor-version":[{"id":1178,"href":"https:\/\/dijasporars.com\/de\/wp-json\/wp\/v2\/pages\/921\/revisions\/1178"}],"wp:attachment":[{"href":"https:\/\/dijasporars.com\/de\/wp-json\/wp\/v2\/media?parent=921"}],"curies":[{"name":"wp","href":"https:\/\/api.w.org\/{rel}","templated":true}]}}