{"id":3900,"date":"2022-04-01T14:20:34","date_gmt":"2022-04-01T12:20:34","guid":{"rendered":"https:\/\/dijasporars.com\/?page_id=3900"},"modified":"2023-02-08T11:16:01","modified_gmt":"2023-02-08T10:16:01","slug":"faq","status":"publish","type":"page","link":"https:\/\/dijasporars.com\/de\/faq\/","title":{"rendered":"FAQ"},"content":{"rendered":"<div class=\"vc_row wpb_row vc_row-fluid\"><div class=\"wpb_column vc_column_container vc_col-sm-12\"><div class=\"vc_column-inner\"><div class=\"wpb_wrapper\">\n\t<div class=\"wpb_text_column wpb_content_element\" >\n\t\t<div class=\"wpb_wrapper\">\n\t\t\t<h1 style=\"text-align: center;\">H\u00c4UFIG GESTELLTE FRAGEN<\/h1>\n\n\t\t<\/div>\n\t<\/div>\n<\/div><\/div><\/div><\/div><div class=\"vc_row wpb_row vc_row-fluid\"><div class=\"wpb_column vc_column_container vc_col-sm-12\"><div class=\"vc_column-inner\"><div class=\"wpb_wrapper\"><div class=\"vc_tta-container\" data-vc-action=\"collapse\"><div class=\"vc_general vc_tta vc_tta-accordion vc_tta-color-grey vc_tta-style-classic vc_tta-shape-rounded vc_tta-o-shape-group vc_tta-controls-align-left\"><div class=\"vc_tta-panels-container\"><div class=\"vc_tta-panels\"><div class=\"vc_tta-panel vc_active\" id=\"1648816017786-5827d314-a8c1\" data-vc-content=\".vc_tta-panel-body\"><div class=\"vc_tta-panel-heading\"><h4 class=\"vc_tta-panel-title vc_tta-controls-icon-position-left\"><a href=\"#1648816017786-5827d314-a8c1\" data-vc-accordion data-vc-container=\".vc_tta-container\"><span class=\"vc_tta-title-text\">1. Was verstehen wir unter dem Diaspora-Register und was ist das Ziel seiner Erstellung?<\/span><i class=\"vc_tta-controls-icon vc_tta-controls-icon-plus\"><\/i><\/a><\/h4><\/div><div class=\"vc_tta-panel-body\">\n\t<div class=\"wpb_text_column wpb_content_element\" >\n\t\t<div class=\"wpb_wrapper\">\n\t\t\t<p>Das Diaspora-Register stellt eine freiwillige Evidenz von nat\u00fcrlichen Personen und Organisationen in der Diaspora dar. Das Register wird zwecks Datensammlung \u00fcber B\u00fcrger und juristische Personen sowie Vereinigungen in der Diaspora eingerichtet. Das Ziel ist dabei die St\u00e4rkung und Entwicklung der Zusammenarbeit sowie die institutionelle Aktivit\u00e4tenplanung zur Verbesserung der Position unserer B\u00fcrger in der Diaspora.<\/p>\n\n\t\t<\/div>\n\t<\/div>\n<\/div><\/div><div class=\"vc_tta-panel\" id=\"1648816017786-f0779282-5a38\" data-vc-content=\".vc_tta-panel-body\"><div class=\"vc_tta-panel-heading\"><h4 class=\"vc_tta-panel-title vc_tta-controls-icon-position-left\"><a href=\"#1648816017786-f0779282-5a38\" data-vc-accordion data-vc-container=\".vc_tta-container\"><span class=\"vc_tta-title-text\">2. Warum sollte ich mich anmelden?<\/span><i class=\"vc_tta-controls-icon vc_tta-controls-icon-plus\"><\/i><\/a><\/h4><\/div><div class=\"vc_tta-panel-body\">\n\t<div class=\"wpb_text_column wpb_content_element\" >\n\t\t<div class=\"wpb_wrapper\">\n\t\t\t<p>Durch die Eintragung in das Diaspora-Register erhalten die Institutionen der Republika Srpska Informationen \u00fcber Ihre Qualifikationen, Interessen und Absichten bei der Zusammenarbeit mit der Republika Srpska. Ob es um Kontaktpflege, kulturelle, wissenschaftliche oder wirtschaftliche Zusammenarbeit geht, die Institutionen bieten Hilfe und Unterst\u00fctzung und konzipieren auch entsprechende Aktivit\u00e4ten, an denen Sie sich beteiligen k\u00f6nnen, um die Zusammenarbeit mit der Diaspora zu verbessern.<\/p>\n\n\t\t<\/div>\n\t<\/div>\n<\/div><\/div><div class=\"vc_tta-panel\" id=\"1648816180081-9c51c8d9-1b96\" data-vc-content=\".vc_tta-panel-body\"><div class=\"vc_tta-panel-heading\"><h4 class=\"vc_tta-panel-title vc_tta-controls-icon-position-left\"><a href=\"#1648816180081-9c51c8d9-1b96\" data-vc-accordion data-vc-container=\".vc_tta-container\"><span class=\"vc_tta-title-text\">3. Welche Verpflichtungen habe ich nach der Eintragung in das Register?<\/span><i class=\"vc_tta-controls-icon vc_tta-controls-icon-plus\"><\/i><\/a><\/h4><\/div><div class=\"vc_tta-panel-body\">\n\t<div class=\"wpb_text_column wpb_content_element\" >\n\t\t<div class=\"wpb_wrapper\">\n\t\t\t<p>Die Registereintragung ist freiwillig und begr\u00fcndet keine Verpflichtungen, erm\u00f6glicht jedoch eine einfachere Einbeziehung in thematische Aktivit\u00e4ten, die geplant und durchgef\u00fchrt werden. Der Zweck des Registers besteht darin, dass wir wissen, wo sich unsere B\u00fcrger im Ausland befinden und in welchen Bereichen sie die Zusammenarbeit verbessern m\u00f6chten. Auf dieser Grundlage k\u00f6nnen Institutionen Aktivit\u00e4ten planen und interessierte B\u00fcrgerinnen und B\u00fcrger aus der Diaspora zur Teilnahme einladen.<\/p>\n\n\t\t<\/div>\n\t<\/div>\n<\/div><\/div><div class=\"vc_tta-panel\" id=\"1648816198383-1a34c02e-fc87\" data-vc-content=\".vc_tta-panel-body\"><div class=\"vc_tta-panel-heading\"><h4 class=\"vc_tta-panel-title vc_tta-controls-icon-position-left\"><a href=\"#1648816198383-1a34c02e-fc87\" data-vc-accordion data-vc-container=\".vc_tta-container\"><span class=\"vc_tta-title-text\">4. Was ist das vorrangige Ziel des Ministeriums f\u00fcr europ\u00e4ische Integrationen und internationale Zusammenarbeit in Bezug auf die Diaspora?<\/span><i class=\"vc_tta-controls-icon vc_tta-controls-icon-plus\"><\/i><\/a><\/h4><\/div><div class=\"vc_tta-panel-body\">\n\t<div class=\"wpb_text_column wpb_content_element\" >\n\t\t<div class=\"wpb_wrapper\">\n\t\t\t<p>Innerhalb des Ministeriums f\u00fchrt die Abteilung f\u00fcr Zusammenarbeit mit der Diaspora Aufgaben aus, die mit der Verbesserung und Institutionalisierung der Zusammenarbeit mit der Diaspora verbunden sind. Die Republika Srpska hat das gro\u00dfe Potenzial und die Bedeutung der Diaspora erkannt und ist daher bestrebt, die Beziehungen systematisch zu regeln und die Zusammenarbeit und Verbindung mit den B\u00fcrgern der Republika Srpska in der Diaspora zu verbessern und zu st\u00e4rken.<\/p>\n\n\t\t<\/div>\n\t<\/div>\n<\/div><\/div><div class=\"vc_tta-panel\" id=\"1648816196520-e65ab200-2219\" data-vc-content=\".vc_tta-panel-body\"><div class=\"vc_tta-panel-heading\"><h4 class=\"vc_tta-panel-title vc_tta-controls-icon-position-left\"><a href=\"#1648816196520-e65ab200-2219\" data-vc-accordion data-vc-container=\".vc_tta-container\"><span class=\"vc_tta-title-text\">5. Wie sieht die Zusammenarbeit mit der Diaspora aus?<\/span><i class=\"vc_tta-controls-icon vc_tta-controls-icon-plus\"><\/i><\/a><\/h4><\/div><div class=\"vc_tta-panel-body\">\n\t<div class=\"wpb_text_column wpb_content_element\" >\n\t\t<div class=\"wpb_wrapper\">\n\t\t\t<p>Die Zusammenarbeit mit der Diaspora ist kontinuierlich und umfasst mehrere Bereiche. Durch direkte Kontakte und vielf\u00e4ltige Aktivit\u00e4ten des Ministeriums, Vertreter der Institutionen von Republika Srpska mit der Diaspora und unserer Vertretungen im Ausland haben wir die M\u00f6glichkeit, die Meinung von Auswanderern, ihren Verb\u00e4nden und Vereinen zu h\u00f6ren und aufgrund ihrer Vorschl\u00e4ge einen strategischen Rahmen f\u00fcr eine langfristige Zusammenarbeit zu schaffen sowie entsprechend die n\u00e4chsten Aktivit\u00e4ten zu planen.<\/p>\n\n\t\t<\/div>\n\t<\/div>\n<\/div><\/div><div class=\"vc_tta-panel\" id=\"1648816193999-81e5d54e-b4ff\" data-vc-content=\".vc_tta-panel-body\"><div class=\"vc_tta-panel-heading\"><h4 class=\"vc_tta-panel-title vc_tta-controls-icon-position-left\"><a href=\"#1648816193999-81e5d54e-b4ff\" data-vc-accordion data-vc-container=\".vc_tta-container\"><span class=\"vc_tta-title-text\">6. Besteht beiderseitiges Interesse an einer Zusammenarbeit?<\/span><i class=\"vc_tta-controls-icon vc_tta-controls-icon-plus\"><\/i><\/a><\/h4><\/div><div class=\"vc_tta-panel-body\">\n\t<div class=\"wpb_text_column wpb_content_element\" >\n\t\t<div class=\"wpb_wrapper\">\n\t\t\t<p>Die Republika Srpska und ihre B\u00fcrgerinnen und B\u00fcrger in der Diaspora haben gro\u00dfes Interesse an einer Zusammenarbeit gezeigt. Jeden Tag kommen neue Antr\u00e4ge auf Eintragung in das Diaspora-Register, und wir erwarten, dass B\u00fcrgerinnen und B\u00fcrger in der Diaspora und Organisationen diese Art der Zusammenarbeit unterst\u00fctzen und erfolgreich in das Diaspora-Register eingetragen werden.<\/p>\n\n\t\t<\/div>\n\t<\/div>\n<\/div><\/div><div class=\"vc_tta-panel\" id=\"1648816191567-310e3e01-dd03\" data-vc-content=\".vc_tta-panel-body\"><div class=\"vc_tta-panel-heading\"><h4 class=\"vc_tta-panel-title vc_tta-controls-icon-position-left\"><a href=\"#1648816191567-310e3e01-dd03\" data-vc-accordion data-vc-container=\".vc_tta-container\"><span class=\"vc_tta-title-text\">7. In welchen L\u00e4ndern hat die Republika Srpska ihre Vertretungen?<\/span><i class=\"vc_tta-controls-icon vc_tta-controls-icon-plus\"><\/i><\/a><\/h4><\/div><div class=\"vc_tta-panel-body\">\n\t<div class=\"wpb_text_column wpb_content_element\" >\n\t\t<div class=\"wpb_wrapper\">\n\t\t\t<p>Die Republika Srpska hat ihre Vertretungen in: Serbien, Russland, \u00d6sterreich, Griechenland, Belgien, Deutschland, den USA und Israel. Vertretungen sind der beste Indikator der Bedeutung und des Wunsches f\u00fcr die Verbesserung der Zusammenarbeit mit der Diaspora.<\/p>\n\n\t\t<\/div>\n\t<\/div>\n<\/div><\/div><\/div><\/div><\/div><\/div><\/div><\/div><\/div><\/div>","protected":false},"excerpt":{"rendered":"\u0427\u0415\u0421\u0422\u041e \u041f\u041e\u0421\u0422\u0410\u0412\u0409\u0410\u041d\u0410 \u041f\u0418\u0422\u0410\u040a\u0410 1. \u0428\u0442\u0430 \u043f\u043e\u0434\u0440\u0430\u0437\u0443\u043c\u0438\u0458\u0435\u0432\u0430\u043c\u043e \u043f\u043e\u0434 \u0420\u0435\u0433\u0438\u0441\u0442\u0440\u043e\u043c \u0434\u0438\u0458\u0430\u0441\u043f\u043e\u0440\u0435 \u0438 \u043a\u043e\u0458\u0438 \u0458\u0435 \u0446\u0438\u0459 \u045a\u0435\u0433\u043e\u0432\u043e\u0433 \u0443\u0441\u043f\u043e\u0441\u0442\u0430\u0432\u0459\u0430\u045a\u0430? \u0420\u0435\u0433\u0438\u0441\u0442\u0430\u0440 \u0458\u0435 \u0434\u043e\u0431\u0440\u043e\u0432\u043e\u0459\u043d\u0430 \u0435\u0432\u0438\u0434\u0435\u043d\u0446\u0438\u0458\u0430 \u0444\u0438\u0437\u0438\u0447\u043a\u0438\u0445 \u043b\u0438\u0446\u0430 \u0438 \u043e\u0440\u0433\u0430\u043d\u0438\u0437\u0430\u0446\u0438\u0458\u0430 \u0443 \u0434\u0438\u0458\u0430\u0441\u043f\u043e\u0440\u0438. \u0420\u0435\u0433\u0438\u0441\u0442\u0430\u0440 \u0441\u0435 \u0443\u0441\u043f\u043e\u0441\u0442\u0430\u0432\u0459\u0430 \u0440\u0430\u0434\u0438 \u043f\u0440\u0438\u043a\u0443\u043f\u0459\u0430\u045a\u0430 \u043f\u043e\u0434\u0430\u0442\u0430\u043a\u0430 \u043e \u0433\u0440\u0430\u0452\u0430\u043d\u0438\u043c\u0430 \u0438 \u043f\u0440\u0430\u0432\u043d\u0438\u043c \u043b\u0438\u0446\u0438\u043c\u0430 \u0438 \u0443\u0434\u0440\u0443\u0436\u0435\u045a\u0438\u043c\u0430 \u0443 \u0434\u0438\u0458\u0430\u0441\u043f\u043e\u0440\u0438 \u0443 \u0441\u0432\u0440\u0445\u0443 \u0458\u0430\u0447\u0430\u045a\u0430 \u0438 \u0440\u0430\u0437\u0432\u0438\u0458\u0430\u045a\u0430 \u0441\u0430\u0440\u0430\u0434\u045a\u0435, \u043a\u0430\u043e \u0438 \u043f\u043b\u0430\u043d\u0438\u0440\u0430\u045a\u0430 \u0430\u043a\u0442\u0438\u0432\u043d\u043e\u0441\u0442\u0438 \u0438\u043d\u0441\u0442\u0438\u0442\u0443\u0446\u0438\u0458\u0430 \u043d\u0430 \u0443\u043d\u0430\u043f\u0440\u0435\u0452\u0435\u045a\u0443 \u043f\u043e\u043b\u043e\u0436\u0430\u0458\u0430 \u043d\u0430\u0448\u0438\u0445...","protected":false},"author":1,"featured_media":0,"parent":0,"menu_order":0,"comment_status":"closed","ping_status":"closed","template":"","meta":{"footnotes":""},"class_list":["post-3900","page","type-page","status-publish","hentry"],"yoast_head":"<!-- This site is optimized with the Yoast SEO plugin v24.6 - https:\/\/yoast.com\/wordpress\/plugins\/seo\/ -->\n<title>FAQ - \u0420\u0435\u043f\u0443\u0431\u043b\u0438\u043a\u0430 \u0421\u0440\u043f\u0441\u043a\u0430 \u0438 \u0434\u0438\u0458\u0430\u0441\u043f\u043e\u0440\u0430<\/title>\n<meta name=\"description\" content=\"Stranica za dijasporu RS, ovdje mo\u017eete prona\u0107i sve informacije, pomo\u0107 i savjete na jednom mjestu.\" \/>\n<meta name=\"robots\" content=\"index, follow, max-snippet:-1, max-image-preview:large, max-video-preview:-1\" \/>\n<link rel=\"canonical\" href=\"https:\/\/dijasporars.com\/de\/faq\/\" \/>\n<meta property=\"og:locale\" content=\"de_DE\" \/>\n<meta property=\"og:type\" content=\"article\" \/>\n<meta property=\"og:title\" content=\"FAQ - \u0420\u0435\u043f\u0443\u0431\u043b\u0438\u043a\u0430 \u0421\u0440\u043f\u0441\u043a\u0430 \u0438 \u0434\u0438\u0458\u0430\u0441\u043f\u043e\u0440\u0430\" \/>\n<meta property=\"og:description\" content=\"Stranica za dijasporu RS, ovdje mo\u017eete prona\u0107i sve informacije, pomo\u0107 i savjete na jednom mjestu.\" \/>\n<meta property=\"og:url\" content=\"https:\/\/dijasporars.com\/de\/faq\/\" \/>\n<meta property=\"og:site_name\" content=\"\u0420\u0435\u043f\u0443\u0431\u043b\u0438\u043a\u0430 \u0421\u0440\u043f\u0441\u043a\u0430 \u0438 \u0434\u0438\u0458\u0430\u0441\u043f\u043e\u0440\u0430\" \/>\n<meta property=\"article:modified_time\" content=\"2023-02-08T10:16:01+00:00\" \/>\n<meta name=\"twitter:card\" content=\"summary_large_image\" \/>\n<meta name=\"twitter:label1\" content=\"Gesch\u00e4tzte Lesezeit\" \/>\n\t<meta name=\"twitter:data1\" content=\"3\u00a0Minuten\" \/>\n<script type=\"application\/ld+json\" class=\"yoast-schema-graph\">{\"@context\":\"https:\/\/schema.org\",\"@graph\":[{\"@type\":\"WebPage\",\"@id\":\"https:\/\/dijasporars.com\/faq\/\",\"url\":\"https:\/\/dijasporars.com\/faq\/\",\"name\":\"FAQ - \u0420\u0435\u043f\u0443\u0431\u043b\u0438\u043a\u0430 \u0421\u0440\u043f\u0441\u043a\u0430 \u0438 \u0434\u0438\u0458\u0430\u0441\u043f\u043e\u0440\u0430\",\"isPartOf\":{\"@id\":\"https:\/\/dijasporars.com\/#website\"},\"datePublished\":\"2022-04-01T12:20:34+00:00\",\"dateModified\":\"2023-02-08T10:16:01+00:00\",\"description\":\"Stranica za dijasporu RS, ovdje mo\u017eete prona\u0107i sve informacije, pomo\u0107 i savjete na jednom mjestu.\",\"breadcrumb\":{\"@id\":\"https:\/\/dijasporars.com\/faq\/#breadcrumb\"},\"inLanguage\":\"de\",\"potentialAction\":[{\"@type\":\"ReadAction\",\"target\":[\"https:\/\/dijasporars.com\/faq\/\"]}]},{\"@type\":\"BreadcrumbList\",\"@id\":\"https:\/\/dijasporars.com\/faq\/#breadcrumb\",\"itemListElement\":[{\"@type\":\"ListItem\",\"position\":1,\"name\":\"\u041f\u043e\u0447\u0435\u0442\u043d\u0430\",\"item\":\"https:\/\/dijasporars.com\/\"},{\"@type\":\"ListItem\",\"position\":2,\"name\":\"FAQ\"}]},{\"@type\":\"WebSite\",\"@id\":\"https:\/\/dijasporars.com\/#website\",\"url\":\"https:\/\/dijasporars.com\/\",\"name\":\"\u0420\u0435\u043f\u0443\u0431\u043b\u0438\u043a\u0430 \u0421\u0440\u043f\u0441\u043a\u0430 \u0438 \u0434\u0438\u0458\u0430\u0441\u043f\u043e\u0440\u0430\",\"description\":\"\",\"potentialAction\":[{\"@type\":\"SearchAction\",\"target\":{\"@type\":\"EntryPoint\",\"urlTemplate\":\"https:\/\/dijasporars.com\/?s={search_term_string}\"},\"query-input\":{\"@type\":\"PropertyValueSpecification\",\"valueRequired\":true,\"valueName\":\"search_term_string\"}}],\"inLanguage\":\"de\"}]}<\/script>\n<!-- \/ Yoast SEO plugin. -->","yoast_head_json":{"title":"FAQ - \u0420\u0435\u043f\u0443\u0431\u043b\u0438\u043a\u0430 \u0421\u0440\u043f\u0441\u043a\u0430 \u0438 \u0434\u0438\u0458\u0430\u0441\u043f\u043e\u0440\u0430","description":"Stranica za dijasporu RS, ovdje mo\u017eete prona\u0107i sve informacije, pomo\u0107 i savjete na jednom mjestu.","robots":{"index":"index","follow":"follow","max-snippet":"max-snippet:-1","max-image-preview":"max-image-preview:large","max-video-preview":"max-video-preview:-1"},"canonical":"https:\/\/dijasporars.com\/de\/faq\/","og_locale":"de_DE","og_type":"article","og_title":"FAQ - \u0420\u0435\u043f\u0443\u0431\u043b\u0438\u043a\u0430 \u0421\u0440\u043f\u0441\u043a\u0430 \u0438 \u0434\u0438\u0458\u0430\u0441\u043f\u043e\u0440\u0430","og_description":"Stranica za dijasporu RS, ovdje mo\u017eete prona\u0107i sve informacije, pomo\u0107 i savjete na jednom mjestu.","og_url":"https:\/\/dijasporars.com\/de\/faq\/","og_site_name":"\u0420\u0435\u043f\u0443\u0431\u043b\u0438\u043a\u0430 \u0421\u0440\u043f\u0441\u043a\u0430 \u0438 \u0434\u0438\u0458\u0430\u0441\u043f\u043e\u0440\u0430","article_modified_time":"2023-02-08T10:16:01+00:00","twitter_card":"summary_large_image","twitter_misc":{"Gesch\u00e4tzte Lesezeit":"3\u00a0Minuten"},"schema":{"@context":"https:\/\/schema.org","@graph":[{"@type":"WebPage","@id":"https:\/\/dijasporars.com\/faq\/","url":"https:\/\/dijasporars.com\/faq\/","name":"FAQ - \u0420\u0435\u043f\u0443\u0431\u043b\u0438\u043a\u0430 \u0421\u0440\u043f\u0441\u043a\u0430 \u0438 \u0434\u0438\u0458\u0430\u0441\u043f\u043e\u0440\u0430","isPartOf":{"@id":"https:\/\/dijasporars.com\/#website"},"datePublished":"2022-04-01T12:20:34+00:00","dateModified":"2023-02-08T10:16:01+00:00","description":"Stranica za dijasporu RS, ovdje mo\u017eete prona\u0107i sve informacije, pomo\u0107 i savjete na jednom mjestu.","breadcrumb":{"@id":"https:\/\/dijasporars.com\/faq\/#breadcrumb"},"inLanguage":"de","potentialAction":[{"@type":"ReadAction","target":["https:\/\/dijasporars.com\/faq\/"]}]},{"@type":"BreadcrumbList","@id":"https:\/\/dijasporars.com\/faq\/#breadcrumb","itemListElement":[{"@type":"ListItem","position":1,"name":"\u041f\u043e\u0447\u0435\u0442\u043d\u0430","item":"https:\/\/dijasporars.com\/"},{"@type":"ListItem","position":2,"name":"FAQ"}]},{"@type":"WebSite","@id":"https:\/\/dijasporars.com\/#website","url":"https:\/\/dijasporars.com\/","name":"\u0420\u0435\u043f\u0443\u0431\u043b\u0438\u043a\u0430 \u0421\u0440\u043f\u0441\u043a\u0430 \u0438 \u0434\u0438\u0458\u0430\u0441\u043f\u043e\u0440\u0430","description":"","potentialAction":[{"@type":"SearchAction","target":{"@type":"EntryPoint","urlTemplate":"https:\/\/dijasporars.com\/?s={search_term_string}"},"query-input":{"@type":"PropertyValueSpecification","valueRequired":true,"valueName":"search_term_string"}}],"inLanguage":"de"}]}},"_links":{"self":[{"href":"https:\/\/dijasporars.com\/de\/wp-json\/wp\/v2\/pages\/3900","targetHints":{"allow":["GET"]}}],"collection":[{"href":"https:\/\/dijasporars.com\/de\/wp-json\/wp\/v2\/pages"}],"about":[{"href":"https:\/\/dijasporars.com\/de\/wp-json\/wp\/v2\/types\/page"}],"author":[{"embeddable":true,"href":"https:\/\/dijasporars.com\/de\/wp-json\/wp\/v2\/users\/1"}],"replies":[{"embeddable":true,"href":"https:\/\/dijasporars.com\/de\/wp-json\/wp\/v2\/comments?post=3900"}],"version-history":[{"count":9,"href":"https:\/\/dijasporars.com\/de\/wp-json\/wp\/v2\/pages\/3900\/revisions"}],"predecessor-version":[{"id":5163,"href":"https:\/\/dijasporars.com\/de\/wp-json\/wp\/v2\/pages\/3900\/revisions\/5163"}],"wp:attachment":[{"href":"https:\/\/dijasporars.com\/de\/wp-json\/wp\/v2\/media?parent=3900"}],"curies":[{"name":"wp","href":"https:\/\/api.w.org\/{rel}","templated":true}]}}