{"id":2780,"date":"2021-06-21T09:07:30","date_gmt":"2021-06-21T07:07:30","guid":{"rendered":"https:\/\/dijasporars.com\/?page_id=2780"},"modified":"2022-02-01T12:48:33","modified_gmt":"2022-02-01T11:48:33","slug":"registar-dijaspore","status":"publish","type":"page","link":"https:\/\/dijasporars.com\/de\/registar-dijaspore\/","title":{"rendered":"Diaspora-Register"},"content":{"rendered":"<div class=\"vc_row wpb_row vc_row-fluid\"><div class=\"wpb_column vc_column_container vc_col-sm-12\"><div class=\"vc_column-inner\"><div class=\"wpb_wrapper\">\n\t<div class=\"wpb_text_column wpb_content_element\" >\n\t\t<div class=\"wpb_wrapper\">\n\t\t\t<h3 class=\"description fitText\" tabindex=\"0\">Vielen Dank, dass Sie sich entschieden haben, das Diaspora-Mapping-Projekt zu unterst\u00fctzen, und diesen Fragebogen auszuf\u00fcllen. Die Informationen, die wir von Ihnen erhalten, dienen dazu, die Verbindung zwischen den Institutionen der Republika Srpska und der Diaspora zu st\u00e4rken sowie unsere zuk\u00fcnftige Zusammenarbeit und Aktivit\u00e4ten zu planen.<\/h3>\n<h3 class=\"description fitText\" tabindex=\"0\">Alle eingegebenen Daten sind vertraulich und werden gem\u00e4\u00df den datenschutzrechtlichen Bestimmungen beim Ministerium f\u00fcr europ\u00e4ische Integrationen und internationale Zusammenarbeit aufbewahrt. Bitte beachten Sie, dass mit einem Sternchen (*) gekennzeichnete Felder Pflichtfelder sind.<\/h3>\n\n\t\t<\/div>\n\t<\/div>\n<\/div><\/div><\/div><\/div>","protected":false},"excerpt":{"rendered":"\u0425\u0432\u0430\u043b\u0430 \u0412\u0430\u043c \u0448\u0442\u043e \u0441\u0442\u0435 \u043e\u0434\u043b\u0443\u0447\u0438\u043b\u0438 \u0434\u0430 \u043f\u043e\u0434\u0440\u0436\u0438\u0442\u0435 \u043f\u0440\u043e\u0458\u0435\u043a\u0430\u0442 \u043c\u0430\u043f\u0438\u0440\u0430\u045a\u0430 \u0434\u0438\u0458\u0430\u0441\u043f\u043e\u0440\u0435 \u0438 \u043f\u043e\u043f\u0443\u043d\u0438\u0442\u0435 \u043e\u0432\u0430\u0458 \u0443\u043f\u0438\u0442\u043d\u0438\u043a. \u041f\u043e\u0434\u0430\u0446\u0438 \u043a\u043e\u0458\u0435 \u0434\u043e\u0431\u0438\u0458\u0435\u043c\u043e \u043e\u0434 \u0432\u0430\u0441 \u043f\u043e\u0441\u043b\u0443\u0436\u0438\u045b\u0435 \u0434\u0430 \u0458\u0430\u0447\u0430\u043c\u043e \u0432\u0435\u0437\u0443 \u0438\u043d\u0441\u0442\u0438\u0442\u0443\u0446\u0438\u0458\u0430 \u0420\u0435\u043f\u0443\u0431\u043b\u0438\u043a\u0435 \u0421\u0440\u043f\u0441\u043a\u0435 \u0438 \u0434\u0438\u0458\u0430\u0441\u043f\u043e\u0440\u0435, \u043a\u0430\u043e \u0438 \u0434\u0430 \u043f\u043b\u0430\u043d\u0438\u0440\u0430\u043c\u043e \u043d\u0430\u0448\u0443 \u0431\u0443\u0434\u0443\u045b\u0443 \u0441\u0430\u0440\u0430\u0434\u045a\u0443 \u0438 \u0430\u043a\u0442\u0438\u0432\u043d\u043e\u0441\u0442\u0438. \u0421\u0432\u0438 \u0443\u043d\u0435\u0441\u0435\u043d\u0438 \u043f\u043e\u0434\u0430\u0446\u0438 \u0441\u0443 \u043f\u043e\u0432\u0458\u0435\u0440\u0459\u0438\u0432\u0438 \u0438 \u0447\u0443\u0432\u0430\u045b\u0435 \u0441\u0435 \u0443 \u041c\u0438\u043d\u0438\u0441\u0442\u0430\u0440\u0441\u0442\u0432\u0443 \u0437\u0430 \u0435\u0432\u0440\u043e\u043f\u0441\u043a\u0435 \u0438\u043d\u0442\u0435\u0433\u0440\u0430\u0446\u0438\u0458\u0435 \u0438 \u043c\u0435\u0452\u0443\u043d\u0430\u0440\u043e\u0434\u043d\u0443 \u0441\u0430\u0440\u0430\u0434\u045a\u0443, \u0443 \u0441\u043a\u043b\u0430\u0434\u0443...","protected":false},"author":1,"featured_media":0,"parent":0,"menu_order":0,"comment_status":"closed","ping_status":"closed","template":"pageRegisterDiasporaWithPravna.php","meta":{"footnotes":""},"class_list":["post-2780","page","type-page","status-publish","hentry"],"yoast_head":"<!-- This site is optimized with the Yoast SEO plugin v24.6 - https:\/\/yoast.com\/wordpress\/plugins\/seo\/ -->\n<title>\u0420\u0435\u0433\u0438\u0441\u0442\u0430\u0440 \u0434\u0438\u0458\u0430\u0441\u043f\u043e\u0440\u0435 - \u0420\u0435\u043f\u0443\u0431\u043b\u0438\u043a\u0430 \u0421\u0440\u043f\u0441\u043a\u0430 \u0438 \u0434\u0438\u0458\u0430\u0441\u043f\u043e\u0440\u0430<\/title>\n<meta name=\"description\" content=\"Stranica za dijasporu RS, ovdje mo\u017eete prona\u0107i sve informacije, pomo\u0107 i savjete na jednom mjestu.\" \/>\n<meta name=\"robots\" content=\"index, follow, max-snippet:-1, max-image-preview:large, max-video-preview:-1\" \/>\n<link rel=\"canonical\" href=\"https:\/\/dijasporars.com\/de\/registar-dijaspore\/\" \/>\n<meta property=\"og:locale\" content=\"de_DE\" \/>\n<meta property=\"og:type\" content=\"article\" \/>\n<meta property=\"og:title\" content=\"\u0420\u0435\u0433\u0438\u0441\u0442\u0430\u0440 \u0434\u0438\u0458\u0430\u0441\u043f\u043e\u0440\u0435 - \u0420\u0435\u043f\u0443\u0431\u043b\u0438\u043a\u0430 \u0421\u0440\u043f\u0441\u043a\u0430 \u0438 \u0434\u0438\u0458\u0430\u0441\u043f\u043e\u0440\u0430\" \/>\n<meta property=\"og:description\" content=\"Stranica za dijasporu RS, ovdje mo\u017eete prona\u0107i sve informacije, pomo\u0107 i savjete na jednom mjestu.\" \/>\n<meta property=\"og:url\" content=\"https:\/\/dijasporars.com\/de\/registar-dijaspore\/\" \/>\n<meta property=\"og:site_name\" content=\"\u0420\u0435\u043f\u0443\u0431\u043b\u0438\u043a\u0430 \u0421\u0440\u043f\u0441\u043a\u0430 \u0438 \u0434\u0438\u0458\u0430\u0441\u043f\u043e\u0440\u0430\" \/>\n<meta property=\"article:modified_time\" content=\"2022-02-01T11:48:33+00:00\" \/>\n<meta name=\"twitter:card\" content=\"summary_large_image\" \/>\n<script type=\"application\/ld+json\" class=\"yoast-schema-graph\">{\"@context\":\"https:\/\/schema.org\",\"@graph\":[{\"@type\":\"WebPage\",\"@id\":\"https:\/\/dijasporars.com\/registar-dijaspore\/\",\"url\":\"https:\/\/dijasporars.com\/registar-dijaspore\/\",\"name\":\"\u0420\u0435\u0433\u0438\u0441\u0442\u0430\u0440 \u0434\u0438\u0458\u0430\u0441\u043f\u043e\u0440\u0435 - \u0420\u0435\u043f\u0443\u0431\u043b\u0438\u043a\u0430 \u0421\u0440\u043f\u0441\u043a\u0430 \u0438 \u0434\u0438\u0458\u0430\u0441\u043f\u043e\u0440\u0430\",\"isPartOf\":{\"@id\":\"https:\/\/dijasporars.com\/#website\"},\"datePublished\":\"2021-06-21T07:07:30+00:00\",\"dateModified\":\"2022-02-01T11:48:33+00:00\",\"description\":\"Stranica za dijasporu RS, ovdje mo\u017eete prona\u0107i sve informacije, pomo\u0107 i savjete na jednom mjestu.\",\"breadcrumb\":{\"@id\":\"https:\/\/dijasporars.com\/registar-dijaspore\/#breadcrumb\"},\"inLanguage\":\"de\",\"potentialAction\":[{\"@type\":\"ReadAction\",\"target\":[\"https:\/\/dijasporars.com\/registar-dijaspore\/\"]}]},{\"@type\":\"BreadcrumbList\",\"@id\":\"https:\/\/dijasporars.com\/registar-dijaspore\/#breadcrumb\",\"itemListElement\":[{\"@type\":\"ListItem\",\"position\":1,\"name\":\"\u041f\u043e\u0447\u0435\u0442\u043d\u0430\",\"item\":\"https:\/\/dijasporars.com\/\"},{\"@type\":\"ListItem\",\"position\":2,\"name\":\"\u0420\u0435\u0433\u0438\u0441\u0442\u0430\u0440 \u0434\u0438\u0458\u0430\u0441\u043f\u043e\u0440\u0435\"}]},{\"@type\":\"WebSite\",\"@id\":\"https:\/\/dijasporars.com\/#website\",\"url\":\"https:\/\/dijasporars.com\/\",\"name\":\"\u0420\u0435\u043f\u0443\u0431\u043b\u0438\u043a\u0430 \u0421\u0440\u043f\u0441\u043a\u0430 \u0438 \u0434\u0438\u0458\u0430\u0441\u043f\u043e\u0440\u0430\",\"description\":\"\",\"potentialAction\":[{\"@type\":\"SearchAction\",\"target\":{\"@type\":\"EntryPoint\",\"urlTemplate\":\"https:\/\/dijasporars.com\/?s={search_term_string}\"},\"query-input\":{\"@type\":\"PropertyValueSpecification\",\"valueRequired\":true,\"valueName\":\"search_term_string\"}}],\"inLanguage\":\"de\"}]}<\/script>\n<!-- \/ Yoast SEO plugin. -->","yoast_head_json":{"title":"\u0420\u0435\u0433\u0438\u0441\u0442\u0430\u0440 \u0434\u0438\u0458\u0430\u0441\u043f\u043e\u0440\u0435 - \u0420\u0435\u043f\u0443\u0431\u043b\u0438\u043a\u0430 \u0421\u0440\u043f\u0441\u043a\u0430 \u0438 \u0434\u0438\u0458\u0430\u0441\u043f\u043e\u0440\u0430","description":"Stranica za dijasporu RS, ovdje mo\u017eete prona\u0107i sve informacije, pomo\u0107 i savjete na jednom mjestu.","robots":{"index":"index","follow":"follow","max-snippet":"max-snippet:-1","max-image-preview":"max-image-preview:large","max-video-preview":"max-video-preview:-1"},"canonical":"https:\/\/dijasporars.com\/de\/registar-dijaspore\/","og_locale":"de_DE","og_type":"article","og_title":"\u0420\u0435\u0433\u0438\u0441\u0442\u0430\u0440 \u0434\u0438\u0458\u0430\u0441\u043f\u043e\u0440\u0435 - \u0420\u0435\u043f\u0443\u0431\u043b\u0438\u043a\u0430 \u0421\u0440\u043f\u0441\u043a\u0430 \u0438 \u0434\u0438\u0458\u0430\u0441\u043f\u043e\u0440\u0430","og_description":"Stranica za dijasporu RS, ovdje mo\u017eete prona\u0107i sve informacije, pomo\u0107 i savjete na jednom mjestu.","og_url":"https:\/\/dijasporars.com\/de\/registar-dijaspore\/","og_site_name":"\u0420\u0435\u043f\u0443\u0431\u043b\u0438\u043a\u0430 \u0421\u0440\u043f\u0441\u043a\u0430 \u0438 \u0434\u0438\u0458\u0430\u0441\u043f\u043e\u0440\u0430","article_modified_time":"2022-02-01T11:48:33+00:00","twitter_card":"summary_large_image","schema":{"@context":"https:\/\/schema.org","@graph":[{"@type":"WebPage","@id":"https:\/\/dijasporars.com\/registar-dijaspore\/","url":"https:\/\/dijasporars.com\/registar-dijaspore\/","name":"\u0420\u0435\u0433\u0438\u0441\u0442\u0430\u0440 \u0434\u0438\u0458\u0430\u0441\u043f\u043e\u0440\u0435 - \u0420\u0435\u043f\u0443\u0431\u043b\u0438\u043a\u0430 \u0421\u0440\u043f\u0441\u043a\u0430 \u0438 \u0434\u0438\u0458\u0430\u0441\u043f\u043e\u0440\u0430","isPartOf":{"@id":"https:\/\/dijasporars.com\/#website"},"datePublished":"2021-06-21T07:07:30+00:00","dateModified":"2022-02-01T11:48:33+00:00","description":"Stranica za dijasporu RS, ovdje mo\u017eete prona\u0107i sve informacije, pomo\u0107 i savjete na jednom mjestu.","breadcrumb":{"@id":"https:\/\/dijasporars.com\/registar-dijaspore\/#breadcrumb"},"inLanguage":"de","potentialAction":[{"@type":"ReadAction","target":["https:\/\/dijasporars.com\/registar-dijaspore\/"]}]},{"@type":"BreadcrumbList","@id":"https:\/\/dijasporars.com\/registar-dijaspore\/#breadcrumb","itemListElement":[{"@type":"ListItem","position":1,"name":"\u041f\u043e\u0447\u0435\u0442\u043d\u0430","item":"https:\/\/dijasporars.com\/"},{"@type":"ListItem","position":2,"name":"\u0420\u0435\u0433\u0438\u0441\u0442\u0430\u0440 \u0434\u0438\u0458\u0430\u0441\u043f\u043e\u0440\u0435"}]},{"@type":"WebSite","@id":"https:\/\/dijasporars.com\/#website","url":"https:\/\/dijasporars.com\/","name":"\u0420\u0435\u043f\u0443\u0431\u043b\u0438\u043a\u0430 \u0421\u0440\u043f\u0441\u043a\u0430 \u0438 \u0434\u0438\u0458\u0430\u0441\u043f\u043e\u0440\u0430","description":"","potentialAction":[{"@type":"SearchAction","target":{"@type":"EntryPoint","urlTemplate":"https:\/\/dijasporars.com\/?s={search_term_string}"},"query-input":{"@type":"PropertyValueSpecification","valueRequired":true,"valueName":"search_term_string"}}],"inLanguage":"de"}]}},"_links":{"self":[{"href":"https:\/\/dijasporars.com\/de\/wp-json\/wp\/v2\/pages\/2780","targetHints":{"allow":["GET"]}}],"collection":[{"href":"https:\/\/dijasporars.com\/de\/wp-json\/wp\/v2\/pages"}],"about":[{"href":"https:\/\/dijasporars.com\/de\/wp-json\/wp\/v2\/types\/page"}],"author":[{"embeddable":true,"href":"https:\/\/dijasporars.com\/de\/wp-json\/wp\/v2\/users\/1"}],"replies":[{"embeddable":true,"href":"https:\/\/dijasporars.com\/de\/wp-json\/wp\/v2\/comments?post=2780"}],"version-history":[{"count":8,"href":"https:\/\/dijasporars.com\/de\/wp-json\/wp\/v2\/pages\/2780\/revisions"}],"predecessor-version":[{"id":3653,"href":"https:\/\/dijasporars.com\/de\/wp-json\/wp\/v2\/pages\/2780\/revisions\/3653"}],"wp:attachment":[{"href":"https:\/\/dijasporars.com\/de\/wp-json\/wp\/v2\/media?parent=2780"}],"curies":[{"name":"wp","href":"https:\/\/api.w.org\/{rel}","templated":true}]}}