{"id":1604,"date":"2020-06-26T12:44:02","date_gmt":"2020-06-26T10:44:02","guid":{"rendered":"https:\/\/dijasporars.com\/?page_id=1604"},"modified":"2020-11-13T13:44:23","modified_gmt":"2020-11-13T12:44:23","slug":"galerija","status":"publish","type":"page","link":"https:\/\/dijasporars.com\/de\/galerija\/","title":{"rendered":"Galerie"},"content":{"rendered":"<div class=\"vc_row wpb_row vc_row-fluid\"><div class=\"wpb_column vc_column_container vc_col-sm-6\"><div class=\"vc_column-inner\"><div class=\"wpb_wrapper\"><div class=\"vc_empty_space\"   style=\"height: 32px\" ><span class=\"vc_empty_space_inner\"><\/span><\/div>\n<div class=\"content-widget-title\"><div class=\"content-title-text\"><i class=\"fa fa-pencil-square-o\"><\/i><h3>Galerie<span class=\"separator\">\r\n\t\t\t\t\t\t\t\t\t\t\t\t<span class=\"separator-line\"><\/span>\r\n\t\t\t\t\t\t\t\t\t\t\t\t<span class=\"separator-dot\"><\/span>\r\n\t\t\t\t\t\t\t\t\t\t\t<\/span><\/h3><\/div><\/div><div class=\"vc_empty_space\"   style=\"height: 32px\" ><span class=\"vc_empty_space_inner\"><\/span><\/div>\n<div class=\"vc_tta-container\" data-vc-action=\"collapse\"><div class=\"vc_general vc_tta vc_tta-tabs vc_tta-color-white vc_tta-style-modern vc_tta-shape-rounded vc_tta-spacing-1  eventstation-tab vc_tta-tabs-position-top vc_tta-controls-align-left\"><div class=\"vc_tta-tabs-container\"><ul class=\"vc_tta-tabs-list\"><li class=\"vc_tta-tab vc_active\" data-vc-tab><a href=\"#1592832365767-45587fc3-d526\" data-vc-tabs data-vc-container=\".vc_tta\"><span class=\"vc_tta-title-text\">Fotos<\/span><\/a><\/li><\/ul><\/div><div class=\"vc_tta-panels-container\"><div class=\"vc_tta-panels\"><div class=\"vc_tta-panel vc_active\" id=\"1592832365767-45587fc3-d526\" data-vc-content=\".vc_tta-panel-body\"><div class=\"vc_tta-panel-heading\"><h4 class=\"vc_tta-panel-title\"><a href=\"#1592832365767-45587fc3-d526\" data-vc-accordion data-vc-container=\".vc_tta-container\"><span class=\"vc_tta-title-text\">Fotos<\/span><\/a><\/h4><\/div><div class=\"vc_tta-panel-body\"><div class=\"event-station-gallery three-gallery\"><div class=\"gallery-grid image-grid animate anim-fadeIn\"><a href=\"https:\/\/dijasporars.com\/wp-content\/uploads\/2019\/04\/forum-240218_467757228.jpg\" data-thumbnail=\"https:\/\/dijasporars.com\/wp-content\/uploads\/2019\/04\/forum-240218_467757228-290x210.jpg\" class=\"html5lightbox\" data-group=\"gallery_name_10178747\" title=\"Gallery Image\"><img decoding=\"async\" alt=\"Gallery Thumbnail\" src=\"https:\/\/dijasporars.com\/wp-content\/uploads\/2019\/04\/forum-240218_467757228-290x210.jpg\" \/><div class=\"overlay\"><\/div><\/a><\/div><div class=\"gallery-grid image-grid animate anim-fadeIn\"><a href=\"https:\/\/dijasporars.com\/wp-content\/uploads\/2019\/04\/765-430-470b9868156c88575ae3abda4d2ffcc9.jpg\" data-thumbnail=\"https:\/\/dijasporars.com\/wp-content\/uploads\/2019\/04\/765-430-470b9868156c88575ae3abda4d2ffcc9-290x210.jpg\" class=\"html5lightbox\" data-group=\"gallery_name_10178747\" title=\"Gallery Image\"><img decoding=\"async\" alt=\"Gallery Thumbnail\" src=\"https:\/\/dijasporars.com\/wp-content\/uploads\/2019\/04\/765-430-470b9868156c88575ae3abda4d2ffcc9-290x210.jpg\" \/><div class=\"overlay\"><\/div><\/a><\/div><div class=\"gallery-grid image-grid animate anim-fadeIn\"><a href=\"https:\/\/dijasporars.com\/wp-content\/uploads\/2019\/04\/IMG-6756dbd766889f0904019cada05d6931-V-1024x576.jpg\" data-thumbnail=\"https:\/\/dijasporars.com\/wp-content\/uploads\/2019\/04\/IMG-6756dbd766889f0904019cada05d6931-V-1024x576-290x210.jpg\" class=\"html5lightbox\" data-group=\"gallery_name_10178747\" title=\"Gallery Image\"><img decoding=\"async\" alt=\"Gallery Thumbnail\" src=\"https:\/\/dijasporars.com\/wp-content\/uploads\/2019\/04\/IMG-6756dbd766889f0904019cada05d6931-V-1024x576-290x210.jpg\" \/><div class=\"overlay\"><\/div><\/a><\/div><div class=\"gallery-grid image-grid animate anim-fadeIn\"><a href=\"https:\/\/dijasporars.com\/wp-content\/uploads\/2019\/04\/Nenad-03-14.jpg\" data-thumbnail=\"https:\/\/dijasporars.com\/wp-content\/uploads\/2019\/04\/Nenad-03-14-290x210.jpg\" class=\"html5lightbox\" data-group=\"gallery_name_10178747\" title=\"Gallery Image\"><img decoding=\"async\" alt=\"Gallery Thumbnail\" src=\"https:\/\/dijasporars.com\/wp-content\/uploads\/2019\/04\/Nenad-03-14-290x210.jpg\" \/><div class=\"overlay\"><\/div><\/a><\/div><div class=\"gallery-grid image-grid animate anim-fadeIn\"><a href=\"https:\/\/dijasporars.com\/wp-content\/uploads\/2019\/04\/Nenad-04-13.jpg\" data-thumbnail=\"https:\/\/dijasporars.com\/wp-content\/uploads\/2019\/04\/Nenad-04-13-290x210.jpg\" class=\"html5lightbox\" data-group=\"gallery_name_10178747\" title=\"Gallery Image\"><img decoding=\"async\" alt=\"Gallery Thumbnail\" src=\"https:\/\/dijasporars.com\/wp-content\/uploads\/2019\/04\/Nenad-04-13-290x210.jpg\" \/><div class=\"overlay\"><\/div><\/a><\/div><div class=\"gallery-grid image-grid animate anim-fadeIn\"><a href=\"https:\/\/dijasporars.com\/wp-content\/uploads\/2019\/04\/Nenad-10-6.jpg\" data-thumbnail=\"https:\/\/dijasporars.com\/wp-content\/uploads\/2019\/04\/Nenad-10-6-290x210.jpg\" class=\"html5lightbox\" data-group=\"gallery_name_10178747\" title=\"Gallery Image\"><img decoding=\"async\" alt=\"Gallery Thumbnail\" src=\"https:\/\/dijasporars.com\/wp-content\/uploads\/2019\/04\/Nenad-10-6-290x210.jpg\" \/><div class=\"overlay\"><\/div><\/a><\/div><\/div><\/div><\/div><\/div><\/div><\/div><\/div><\/div><\/div><\/div><div class=\"wpb_column vc_column_container vc_col-sm-6\"><div class=\"vc_column-inner\"><div class=\"wpb_wrapper\"><div class=\"vc_empty_space\"   style=\"height: 130px\" ><span class=\"vc_empty_space_inner\"><\/span><\/div>\n<div class=\"vc_tta-container\" data-vc-action=\"collapse\"><div class=\"vc_general vc_tta vc_tta-tabs vc_tta-color-white vc_tta-style-modern vc_tta-shape-rounded vc_tta-spacing-1  eventstation-tab vc_tta-tabs-position-top vc_tta-controls-align-left\"><div class=\"vc_tta-tabs-container\"><ul class=\"vc_tta-tabs-list\"><li class=\"vc_tta-tab vc_active\" data-vc-tab><a href=\"#1592832365767-45587fc3-d526\" data-vc-tabs data-vc-container=\".vc_tta\"><span class=\"vc_tta-title-text\">Videos<\/span><\/a><\/li><\/ul><\/div><div class=\"vc_tta-panels-container\"><div class=\"vc_tta-panels\"><div class=\"vc_tta-panel vc_active\" id=\"1592832365767-45587fc3-d526\" data-vc-content=\".vc_tta-panel-body\"><div class=\"vc_tta-panel-heading\"><h4 class=\"vc_tta-panel-title\"><a href=\"#1592832365767-45587fc3-d526\" data-vc-accordion data-vc-container=\".vc_tta-container\"><span class=\"vc_tta-title-text\">Videos<\/span><\/a><\/h4><\/div><div class=\"vc_tta-panel-body\"><div class=\"event-station-gallery three-gallery\"><div class=\"gallery-grid video-grid\"><a href=\"https:\/\/dijasporars.com\/wp-content\/uploads\/2019\/06\/tvclip036648.mp4\" data-fullscreenmode=\"true\" data-autoslide=\"true\" data-thumbnail=\"https:\/\/dijasporars.com\/wp-content\/uploads\/2019\/06\/Untitled-290x210.png\" class=\"html5lightbox\" data-group=\"gallery_name_1979418\" title=\"Gallery Video\"><img decoding=\"async\" alt=\"Video Thumbnail\" src=\"https:\/\/dijasporars.com\/wp-content\/uploads\/2019\/06\/Untitled-290x210.png\"><div class=\"overlay\"><\/div><\/a><\/div><div class=\"gallery-grid video-grid\"><a href=\"https:\/\/dijasporars.com\/wp-content\/uploads\/2019\/04\/videoplayback2.mp4\" data-fullscreenmode=\"true\" data-autoslide=\"true\" data-thumbnail=\"https:\/\/dijasporars.com\/wp-content\/uploads\/2019\/04\/Untitled-6-290x210.png\" class=\"html5lightbox\" data-group=\"gallery_name_1979418\" title=\"Gallery Video\"><img decoding=\"async\" alt=\"Video Thumbnail\" src=\"https:\/\/dijasporars.com\/wp-content\/uploads\/2019\/04\/Untitled-6-290x210.png\"><div class=\"overlay\"><\/div><\/a><\/div><div class=\"gallery-grid video-grid\"><a href=\"https:\/\/dijasporars.com\/wp-content\/uploads\/2019\/04\/videoplayback.mp4\" data-fullscreenmode=\"true\" data-autoslide=\"true\" data-thumbnail=\"https:\/\/dijasporars.com\/wp-content\/uploads\/2019\/04\/Untitled-8-290x210.png\" class=\"html5lightbox\" data-group=\"gallery_name_1979418\" title=\"Gallery Video\"><img decoding=\"async\" alt=\"Video Thumbnail\" src=\"https:\/\/dijasporars.com\/wp-content\/uploads\/2019\/04\/Untitled-8-290x210.png\"><div class=\"overlay\"><\/div><\/a><\/div><\/div><\/div><\/div><\/div><\/div><\/div><\/div><\/div><\/div><\/div><\/div>","protected":false},"excerpt":{"rendered":"\u0413\u0430\u043b\u0435\u0440\u0438\u0458\u0430 \u0424\u043e\u0442\u043e\u0433\u0440\u0430\u0444\u0438\u0458\u0435\u0424\u043e\u0442\u043e\u0433\u0440\u0430\u0444\u0438\u0458\u0435 \u0412\u0438\u0434\u0435\u043e\u0412\u0438\u0434\u0435\u043e","protected":false},"author":1,"featured_media":0,"parent":0,"menu_order":0,"comment_status":"closed","ping_status":"closed","template":"","meta":{"footnotes":""},"class_list":["post-1604","page","type-page","status-publish","hentry"],"yoast_head":"<!-- This site is optimized with the Yoast SEO plugin v24.6 - https:\/\/yoast.com\/wordpress\/plugins\/seo\/ -->\n<title>\u0413\u0430\u043b\u0435\u0440\u0438\u0458\u0430 - \u0420\u0435\u043f\u0443\u0431\u043b\u0438\u043a\u0430 \u0421\u0440\u043f\u0441\u043a\u0430 \u0438 \u0434\u0438\u0458\u0430\u0441\u043f\u043e\u0440\u0430<\/title>\n<meta name=\"description\" content=\"Stranica za dijasporu RS, ovdje mo\u017eete prona\u0107i sve informacije, pomo\u0107 i savjete na jednom mjestu.\" \/>\n<meta name=\"robots\" content=\"index, follow, max-snippet:-1, max-image-preview:large, max-video-preview:-1\" \/>\n<link rel=\"canonical\" href=\"https:\/\/dijasporars.com\/de\/galerija\/\" \/>\n<meta property=\"og:locale\" content=\"de_DE\" \/>\n<meta property=\"og:type\" content=\"article\" \/>\n<meta property=\"og:title\" content=\"\u0413\u0430\u043b\u0435\u0440\u0438\u0458\u0430 - \u0420\u0435\u043f\u0443\u0431\u043b\u0438\u043a\u0430 \u0421\u0440\u043f\u0441\u043a\u0430 \u0438 \u0434\u0438\u0458\u0430\u0441\u043f\u043e\u0440\u0430\" \/>\n<meta property=\"og:description\" content=\"Stranica za dijasporu RS, ovdje mo\u017eete prona\u0107i sve informacije, pomo\u0107 i savjete na jednom mjestu.\" \/>\n<meta property=\"og:url\" content=\"https:\/\/dijasporars.com\/de\/galerija\/\" \/>\n<meta property=\"og:site_name\" content=\"\u0420\u0435\u043f\u0443\u0431\u043b\u0438\u043a\u0430 \u0421\u0440\u043f\u0441\u043a\u0430 \u0438 \u0434\u0438\u0458\u0430\u0441\u043f\u043e\u0440\u0430\" \/>\n<meta property=\"article:modified_time\" content=\"2020-11-13T12:44:23+00:00\" \/>\n<meta name=\"twitter:card\" content=\"summary_large_image\" \/>\n<meta name=\"twitter:label1\" content=\"Gesch\u00e4tzte Lesezeit\" \/>\n\t<meta name=\"twitter:data1\" content=\"1\u00a0Minute\" \/>\n<script type=\"application\/ld+json\" class=\"yoast-schema-graph\">{\"@context\":\"https:\/\/schema.org\",\"@graph\":[{\"@type\":\"WebPage\",\"@id\":\"https:\/\/dijasporars.com\/galerija\/\",\"url\":\"https:\/\/dijasporars.com\/galerija\/\",\"name\":\"\u0413\u0430\u043b\u0435\u0440\u0438\u0458\u0430 - \u0420\u0435\u043f\u0443\u0431\u043b\u0438\u043a\u0430 \u0421\u0440\u043f\u0441\u043a\u0430 \u0438 \u0434\u0438\u0458\u0430\u0441\u043f\u043e\u0440\u0430\",\"isPartOf\":{\"@id\":\"https:\/\/dijasporars.com\/#website\"},\"datePublished\":\"2020-06-26T10:44:02+00:00\",\"dateModified\":\"2020-11-13T12:44:23+00:00\",\"description\":\"Stranica za dijasporu RS, ovdje mo\u017eete prona\u0107i sve informacije, pomo\u0107 i savjete na jednom mjestu.\",\"breadcrumb\":{\"@id\":\"https:\/\/dijasporars.com\/galerija\/#breadcrumb\"},\"inLanguage\":\"de\",\"potentialAction\":[{\"@type\":\"ReadAction\",\"target\":[\"https:\/\/dijasporars.com\/galerija\/\"]}]},{\"@type\":\"BreadcrumbList\",\"@id\":\"https:\/\/dijasporars.com\/galerija\/#breadcrumb\",\"itemListElement\":[{\"@type\":\"ListItem\",\"position\":1,\"name\":\"\u041f\u043e\u0447\u0435\u0442\u043d\u0430\",\"item\":\"https:\/\/dijasporars.com\/\"},{\"@type\":\"ListItem\",\"position\":2,\"name\":\"\u0413\u0430\u043b\u0435\u0440\u0438\u0458\u0430\"}]},{\"@type\":\"WebSite\",\"@id\":\"https:\/\/dijasporars.com\/#website\",\"url\":\"https:\/\/dijasporars.com\/\",\"name\":\"\u0420\u0435\u043f\u0443\u0431\u043b\u0438\u043a\u0430 \u0421\u0440\u043f\u0441\u043a\u0430 \u0438 \u0434\u0438\u0458\u0430\u0441\u043f\u043e\u0440\u0430\",\"description\":\"\",\"potentialAction\":[{\"@type\":\"SearchAction\",\"target\":{\"@type\":\"EntryPoint\",\"urlTemplate\":\"https:\/\/dijasporars.com\/?s={search_term_string}\"},\"query-input\":{\"@type\":\"PropertyValueSpecification\",\"valueRequired\":true,\"valueName\":\"search_term_string\"}}],\"inLanguage\":\"de\"}]}<\/script>\n<!-- \/ Yoast SEO plugin. -->","yoast_head_json":{"title":"\u0413\u0430\u043b\u0435\u0440\u0438\u0458\u0430 - \u0420\u0435\u043f\u0443\u0431\u043b\u0438\u043a\u0430 \u0421\u0440\u043f\u0441\u043a\u0430 \u0438 \u0434\u0438\u0458\u0430\u0441\u043f\u043e\u0440\u0430","description":"Stranica za dijasporu RS, ovdje mo\u017eete prona\u0107i sve informacije, pomo\u0107 i savjete na jednom mjestu.","robots":{"index":"index","follow":"follow","max-snippet":"max-snippet:-1","max-image-preview":"max-image-preview:large","max-video-preview":"max-video-preview:-1"},"canonical":"https:\/\/dijasporars.com\/de\/galerija\/","og_locale":"de_DE","og_type":"article","og_title":"\u0413\u0430\u043b\u0435\u0440\u0438\u0458\u0430 - \u0420\u0435\u043f\u0443\u0431\u043b\u0438\u043a\u0430 \u0421\u0440\u043f\u0441\u043a\u0430 \u0438 \u0434\u0438\u0458\u0430\u0441\u043f\u043e\u0440\u0430","og_description":"Stranica za dijasporu RS, ovdje mo\u017eete prona\u0107i sve informacije, pomo\u0107 i savjete na jednom mjestu.","og_url":"https:\/\/dijasporars.com\/de\/galerija\/","og_site_name":"\u0420\u0435\u043f\u0443\u0431\u043b\u0438\u043a\u0430 \u0421\u0440\u043f\u0441\u043a\u0430 \u0438 \u0434\u0438\u0458\u0430\u0441\u043f\u043e\u0440\u0430","article_modified_time":"2020-11-13T12:44:23+00:00","twitter_card":"summary_large_image","twitter_misc":{"Gesch\u00e4tzte Lesezeit":"1\u00a0Minute"},"schema":{"@context":"https:\/\/schema.org","@graph":[{"@type":"WebPage","@id":"https:\/\/dijasporars.com\/galerija\/","url":"https:\/\/dijasporars.com\/galerija\/","name":"\u0413\u0430\u043b\u0435\u0440\u0438\u0458\u0430 - \u0420\u0435\u043f\u0443\u0431\u043b\u0438\u043a\u0430 \u0421\u0440\u043f\u0441\u043a\u0430 \u0438 \u0434\u0438\u0458\u0430\u0441\u043f\u043e\u0440\u0430","isPartOf":{"@id":"https:\/\/dijasporars.com\/#website"},"datePublished":"2020-06-26T10:44:02+00:00","dateModified":"2020-11-13T12:44:23+00:00","description":"Stranica za dijasporu RS, ovdje mo\u017eete prona\u0107i sve informacije, pomo\u0107 i savjete na jednom mjestu.","breadcrumb":{"@id":"https:\/\/dijasporars.com\/galerija\/#breadcrumb"},"inLanguage":"de","potentialAction":[{"@type":"ReadAction","target":["https:\/\/dijasporars.com\/galerija\/"]}]},{"@type":"BreadcrumbList","@id":"https:\/\/dijasporars.com\/galerija\/#breadcrumb","itemListElement":[{"@type":"ListItem","position":1,"name":"\u041f\u043e\u0447\u0435\u0442\u043d\u0430","item":"https:\/\/dijasporars.com\/"},{"@type":"ListItem","position":2,"name":"\u0413\u0430\u043b\u0435\u0440\u0438\u0458\u0430"}]},{"@type":"WebSite","@id":"https:\/\/dijasporars.com\/#website","url":"https:\/\/dijasporars.com\/","name":"\u0420\u0435\u043f\u0443\u0431\u043b\u0438\u043a\u0430 \u0421\u0440\u043f\u0441\u043a\u0430 \u0438 \u0434\u0438\u0458\u0430\u0441\u043f\u043e\u0440\u0430","description":"","potentialAction":[{"@type":"SearchAction","target":{"@type":"EntryPoint","urlTemplate":"https:\/\/dijasporars.com\/?s={search_term_string}"},"query-input":{"@type":"PropertyValueSpecification","valueRequired":true,"valueName":"search_term_string"}}],"inLanguage":"de"}]}},"_links":{"self":[{"href":"https:\/\/dijasporars.com\/de\/wp-json\/wp\/v2\/pages\/1604","targetHints":{"allow":["GET"]}}],"collection":[{"href":"https:\/\/dijasporars.com\/de\/wp-json\/wp\/v2\/pages"}],"about":[{"href":"https:\/\/dijasporars.com\/de\/wp-json\/wp\/v2\/types\/page"}],"author":[{"embeddable":true,"href":"https:\/\/dijasporars.com\/de\/wp-json\/wp\/v2\/users\/1"}],"replies":[{"embeddable":true,"href":"https:\/\/dijasporars.com\/de\/wp-json\/wp\/v2\/comments?post=1604"}],"version-history":[{"count":6,"href":"https:\/\/dijasporars.com\/de\/wp-json\/wp\/v2\/pages\/1604\/revisions"}],"predecessor-version":[{"id":1812,"href":"https:\/\/dijasporars.com\/de\/wp-json\/wp\/v2\/pages\/1604\/revisions\/1812"}],"wp:attachment":[{"href":"https:\/\/dijasporars.com\/de\/wp-json\/wp\/v2\/media?parent=1604"}],"curies":[{"name":"wp","href":"https:\/\/api.w.org\/{rel}","templated":true}]}}